{"id":76,"date":"2022-10-27T07:06:47","date_gmt":"2022-10-27T10:06:47","guid":{"rendered":"https:\/\/inforse.org\/latinamerica\/?page_id=76"},"modified":"2024-04-15T08:12:32","modified_gmt":"2024-04-15T11:12:32","slug":"actividades","status":"publish","type":"page","link":"https:\/\/inforse.org\/latinamerica\/es\/actividades\/","title":{"rendered":"Actividades"},"content":{"rendered":"<p>INFORSE ha participado con aportaciones, declaraciones comunes y representaciones en el\u00a0<a href=\"http:\/\/www.eco-forum.org\/\">Eco-Foro Europeo<\/a>\u00a0y\u00a0<a href=\"http:\/\/www.cures-network.org\/\">Ciudadanos Unidos por las Renovables y la Sostenibilidad<\/a> (CURES).<\/p>\n<p>INFORSE tiene <a href=\"https:\/\/www.inforse.org\/europe\/VisionWorld.htm\">una Visi\u00f3n Energ\u00e9tica Sostenible global<\/a> para 2050 con suministro de energ\u00eda 100% renovable. La Visi\u00f3n fue preparada y presentada en la Conferencia de R\u00edo en 2002.<\/p>\n<p>La red se desarrolla en torno a los miembros apoyados por\u00a0<strong>Puntos Focales Nacionales<\/strong>\u00a0en algunos pa\u00edses y<strong>\u00a0Coordinadores Regionales<\/strong>\u00a0que trabajan en sus respectivas regiones.<br \/>\nLas regiones m\u00e1s activas son <a href=\"https:\/\/www.inforse.org\/europe\/\">Europa<\/a>, <a href=\"https:\/\/www.inforse.org\/asia\/\">Asia<\/a> y <a href=\"https:\/\/www.inforse.org\/africa\/\">\u00c1frica<\/a>. En 2022, la regi\u00f3n de <a href=\"https:\/\/inforse.org\/latinamerica\/es\/\">Am\u00e9rica Latina<\/a> ha creado su propio sitio web. En 2022-2024, las regiones de INFORSE participaron en un proyecto de red global, <a href=\"https:\/\/www.inforse.org\/synergies.php\">Synergy Across Continents<\/a>.<\/p>\n","protected":false},"excerpt":{"rendered":"<p>INFORSE ha participado con aportaciones, declaraciones comunes y representaciones en el\u00a0Eco-Foro Europeo\u00a0y\u00a0Ciudadanos Unidos por las Renovables y la Sostenibilidad (CURES). INFORSE tiene una Visi\u00f3n Energ\u00e9tica Sostenible global para 2050 con suministro de energ\u00eda 100% renovable. La Visi\u00f3n fue preparada y presentada en la Conferencia de R\u00edo en 2002. La red se desarrolla en torno a &hellip; <\/p>\n<p class=\"link-more\"><a href=\"https:\/\/inforse.org\/latinamerica\/es\/actividades\/\" class=\"more-link\">Continue reading<span class=\"screen-reader-text\"> &#8220;Actividades&#8221;<\/span><\/a><\/p>\n","protected":false},"author":1,"featured_media":0,"parent":0,"menu_order":0,"comment_status":"closed","ping_status":"closed","template":"","meta":{"footnotes":""},"_links":{"self":[{"href":"https:\/\/inforse.org\/latinamerica\/wp-json\/wp\/v2\/pages\/76"}],"collection":[{"href":"https:\/\/inforse.org\/latinamerica\/wp-json\/wp\/v2\/pages"}],"about":[{"href":"https:\/\/inforse.org\/latinamerica\/wp-json\/wp\/v2\/types\/page"}],"author":[{"embeddable":true,"href":"https:\/\/inforse.org\/latinamerica\/wp-json\/wp\/v2\/users\/1"}],"replies":[{"embeddable":true,"href":"https:\/\/inforse.org\/latinamerica\/wp-json\/wp\/v2\/comments?post=76"}],"version-history":[{"count":3,"href":"https:\/\/inforse.org\/latinamerica\/wp-json\/wp\/v2\/pages\/76\/revisions"}],"predecessor-version":[{"id":1229,"href":"https:\/\/inforse.org\/latinamerica\/wp-json\/wp\/v2\/pages\/76\/revisions\/1229"}],"wp:attachment":[{"href":"https:\/\/inforse.org\/latinamerica\/wp-json\/wp\/v2\/media?parent=76"}],"curies":[{"name":"wp","href":"https:\/\/api.w.org\/{rel}","templated":true}]}}