{"id":61,"date":"2022-10-27T05:59:43","date_gmt":"2022-10-27T08:59:43","guid":{"rendered":"https:\/\/inforse.org\/latinamerica\/?page_id=61"},"modified":"2024-02-11T16:17:06","modified_gmt":"2024-02-11T19:17:06","slug":"home","status":"publish","type":"page","link":"https:\/\/inforse.org\/latinamerica\/es\/home\/","title":{"rendered":"Home"},"content":{"rendered":"<p><a href=\"https:\/\/inforse.org\/latinamerica\/es\/inforse-presentation\/\"><img decoding=\"async\" loading=\"lazy\" class=\"size-medium wp-image-812 alignnone\" src=\"https:\/\/inforse.org\/latinamerica\/wp-content\/uploads\/2024\/02\/INFORSE-america-latina-logo-500-1-300x300.png\" alt=\"INFORSE Latin America logo\" width=\"300\" height=\"300\" srcset=\"https:\/\/inforse.org\/latinamerica\/wp-content\/uploads\/2024\/02\/INFORSE-america-latina-logo-500-1-300x300.png 300w, https:\/\/inforse.org\/latinamerica\/wp-content\/uploads\/2024\/02\/INFORSE-america-latina-logo-500-1-150x150.png 150w, https:\/\/inforse.org\/latinamerica\/wp-content\/uploads\/2024\/02\/INFORSE-america-latina-logo-500-1-100x100.png 100w, https:\/\/inforse.org\/latinamerica\/wp-content\/uploads\/2024\/02\/INFORSE-america-latina-logo-500-1.png 475w\" sizes=\"(max-width: 300px) 100vw, 300px\" \/><\/a><\/p>\n<p>INFORSE Am\u00e9rica Latina es una regi\u00f3n de la INFORSE &#8211; Red Internacional para la Energ\u00eda Sostenible. En esta p\u00e1gina de inicio podr\u00e1 leer sobre las actividades de INFORSE e INFORSE Latinoam\u00e9rica en espa\u00f1ol.<\/p>\n<p><strong>30 A\u00d1OS DE INFORSE<\/strong><\/p>\n<p><img decoding=\"async\" loading=\"lazy\" class=\"alignnone size-medium wp-image-355\" src=\"https:\/\/inforse.org\/latinamerica\/wp-content\/uploads\/2023\/06\/Inforse-30-years-badge-1-300x296.jpg\" alt=\"\" width=\"300\" height=\"296\" srcset=\"https:\/\/inforse.org\/latinamerica\/wp-content\/uploads\/2023\/06\/Inforse-30-years-badge-1-300x296.jpg 300w, https:\/\/inforse.org\/latinamerica\/wp-content\/uploads\/2023\/06\/Inforse-30-years-badge-1-1024x1010.jpg 1024w, https:\/\/inforse.org\/latinamerica\/wp-content\/uploads\/2023\/06\/Inforse-30-years-badge-1-768x757.jpg 768w, https:\/\/inforse.org\/latinamerica\/wp-content\/uploads\/2023\/06\/Inforse-30-years-badge-1-100x100.jpg 100w, https:\/\/inforse.org\/latinamerica\/wp-content\/uploads\/2023\/06\/Inforse-30-years-badge-1.jpg 1282w\" sizes=\"(max-width: 300px) 100vw, 300px\" \/><\/p>\n<p>Hace 30 a\u00f1os formamos la Red Internacional de Energ\u00eda Sostenible (INFORSE), reuniendo un n\u00famero creciente de organizaciones de la sociedad civil que apoy\u00f3 las energ\u00edas renovables y la conservaci\u00f3n de la energ\u00eda, y que tambi\u00e9n quer\u00eda superar el problema de la falta de energ\u00eda limpia en un mundo desigual.<\/p>\n<p><a href=\"https:\/\/inforse.org\/latinamerica\/wp-content\/uploads\/2023\/02\/30-anos-de-INFORSE.docx\">30 a\u00f1os de INFORSE<\/a><\/p>\n","protected":false},"excerpt":{"rendered":"<p>INFORSE Am\u00e9rica Latina es una regi\u00f3n de la INFORSE &#8211; Red Internacional para la Energ\u00eda Sostenible. En esta p\u00e1gina de inicio podr\u00e1 leer sobre las actividades de INFORSE e INFORSE Latinoam\u00e9rica en espa\u00f1ol. 30 A\u00d1OS DE INFORSE Hace 30 a\u00f1os formamos la Red Internacional de Energ\u00eda Sostenible (INFORSE), reuniendo un n\u00famero creciente de organizaciones de &hellip; <\/p>\n<p class=\"link-more\"><a href=\"https:\/\/inforse.org\/latinamerica\/es\/home\/\" class=\"more-link\">Continue reading<span class=\"screen-reader-text\"> &#8220;Home&#8221;<\/span><\/a><\/p>\n","protected":false},"author":1,"featured_media":0,"parent":0,"menu_order":0,"comment_status":"closed","ping_status":"closed","template":"","meta":{"footnotes":""},"_links":{"self":[{"href":"https:\/\/inforse.org\/latinamerica\/wp-json\/wp\/v2\/pages\/61"}],"collection":[{"href":"https:\/\/inforse.org\/latinamerica\/wp-json\/wp\/v2\/pages"}],"about":[{"href":"https:\/\/inforse.org\/latinamerica\/wp-json\/wp\/v2\/types\/page"}],"author":[{"embeddable":true,"href":"https:\/\/inforse.org\/latinamerica\/wp-json\/wp\/v2\/users\/1"}],"replies":[{"embeddable":true,"href":"https:\/\/inforse.org\/latinamerica\/wp-json\/wp\/v2\/comments?post=61"}],"version-history":[{"count":14,"href":"https:\/\/inforse.org\/latinamerica\/wp-json\/wp\/v2\/pages\/61\/revisions"}],"predecessor-version":[{"id":821,"href":"https:\/\/inforse.org\/latinamerica\/wp-json\/wp\/v2\/pages\/61\/revisions\/821"}],"wp:attachment":[{"href":"https:\/\/inforse.org\/latinamerica\/wp-json\/wp\/v2\/media?parent=61"}],"curies":[{"name":"wp","href":"https:\/\/api.w.org\/{rel}","templated":true}]}}