{"id":54,"date":"2022-10-27T08:26:12","date_gmt":"2022-10-27T08:26:12","guid":{"rendered":"https:\/\/inforse.org\/latinamerica\/?page_id=54"},"modified":"2024-03-18T12:51:00","modified_gmt":"2024-03-18T15:51:00","slug":"sobre-es","status":"publish","type":"page","link":"https:\/\/inforse.org\/latinamerica\/es\/sobre-es\/","title":{"rendered":"Sobre (ES)"},"content":{"rendered":"<p>Bienvenidos al sitio web de INFORSE-Latinoam\u00e9rica.<br \/>\nINFORSE Am\u00e9rica Latina es una regi\u00f3n de INFORSE \u2013 Red Internacional para la Energ\u00eda Sostenible. En esta p\u00e1gina de inicio podr\u00e1 leer sobre las actividades de INFORSE e INFORSE Latinoam\u00e9rica.<\/p>\n<p>INFORSE es una red de 140 organizaciones de la sociedad civil establecida en 1992 en la Cumbre de la Tierra (CNUMAD) en R\u00edo de Janeiro, Brasil.<\/p>\n","protected":false},"excerpt":{"rendered":"<p>Bienvenidos al sitio web de INFORSE-Latinoam\u00e9rica. INFORSE Am\u00e9rica Latina es una regi\u00f3n de INFORSE \u2013 Red Internacional para la Energ\u00eda Sostenible. En esta p\u00e1gina de inicio podr\u00e1 leer sobre las actividades de INFORSE e INFORSE Latinoam\u00e9rica. INFORSE es una red de 140 organizaciones de la sociedad civil establecida en 1992 en la Cumbre de la &hellip; <\/p>\n<p class=\"link-more\"><a href=\"https:\/\/inforse.org\/latinamerica\/es\/sobre-es\/\" class=\"more-link\">Continue reading<span class=\"screen-reader-text\"> &#8220;Sobre (ES)&#8221;<\/span><\/a><\/p>\n","protected":false},"author":1,"featured_media":0,"parent":0,"menu_order":0,"comment_status":"closed","ping_status":"closed","template":"","meta":{"footnotes":""},"_links":{"self":[{"href":"https:\/\/inforse.org\/latinamerica\/wp-json\/wp\/v2\/pages\/54"}],"collection":[{"href":"https:\/\/inforse.org\/latinamerica\/wp-json\/wp\/v2\/pages"}],"about":[{"href":"https:\/\/inforse.org\/latinamerica\/wp-json\/wp\/v2\/types\/page"}],"author":[{"embeddable":true,"href":"https:\/\/inforse.org\/latinamerica\/wp-json\/wp\/v2\/users\/1"}],"replies":[{"embeddable":true,"href":"https:\/\/inforse.org\/latinamerica\/wp-json\/wp\/v2\/comments?post=54"}],"version-history":[{"count":10,"href":"https:\/\/inforse.org\/latinamerica\/wp-json\/wp\/v2\/pages\/54\/revisions"}],"predecessor-version":[{"id":1148,"href":"https:\/\/inforse.org\/latinamerica\/wp-json\/wp\/v2\/pages\/54\/revisions\/1148"}],"wp:attachment":[{"href":"https:\/\/inforse.org\/latinamerica\/wp-json\/wp\/v2\/media?parent=54"}],"curies":[{"name":"wp","href":"https:\/\/api.w.org\/{rel}","templated":true}]}}