{"id":52,"date":"2022-10-27T08:25:37","date_gmt":"2022-10-27T08:25:37","guid":{"rendered":"https:\/\/inforse.org\/latinamerica\/?page_id=52"},"modified":"2024-03-18T12:51:31","modified_gmt":"2024-03-18T15:51:31","slug":"sobre","status":"publish","type":"page","link":"https:\/\/inforse.org\/latinamerica\/pt\/sobre\/","title":{"rendered":"Sobre (PT)"},"content":{"rendered":"<p>Bem-vindo ao site da INFORSE-Am\u00e9rica Latina.<br \/>\nA INFORSE Am\u00e9rica Latina \u00e9 uma regi\u00e3o da INFORSE \u2013 Rede Internacional para Energia Sustent\u00e1vel. Nesta homepage voc\u00ea pode ler sobre as atividades da INFORSE e da INFORSE Latin America.<\/p>\n<p>INFORSE \u00e9 uma rede de 140 organiza\u00e7\u00f5es da sociedade civil criada em 1992 na C\u00fapula da Terra (UNCED) no Rio de Janeiro, Brasil.<\/p>\n","protected":false},"excerpt":{"rendered":"<p>Bem-vindo ao site da INFORSE-Am\u00e9rica Latina. A INFORSE Am\u00e9rica Latina \u00e9 uma regi\u00e3o da INFORSE \u2013 Rede Internacional para Energia Sustent\u00e1vel. Nesta homepage voc\u00ea pode ler sobre as atividades da INFORSE e da INFORSE Latin America. INFORSE \u00e9 uma rede de 140 organiza\u00e7\u00f5es da sociedade civil criada em 1992 na C\u00fapula da Terra (UNCED) no &hellip; <\/p>\n<p class=\"link-more\"><a href=\"https:\/\/inforse.org\/latinamerica\/pt\/sobre\/\" class=\"more-link\">Continue reading<span class=\"screen-reader-text\"> &#8220;Sobre (PT)&#8221;<\/span><\/a><\/p>\n","protected":false},"author":1,"featured_media":0,"parent":0,"menu_order":0,"comment_status":"closed","ping_status":"closed","template":"","meta":{"footnotes":""},"_links":{"self":[{"href":"https:\/\/inforse.org\/latinamerica\/wp-json\/wp\/v2\/pages\/52"}],"collection":[{"href":"https:\/\/inforse.org\/latinamerica\/wp-json\/wp\/v2\/pages"}],"about":[{"href":"https:\/\/inforse.org\/latinamerica\/wp-json\/wp\/v2\/types\/page"}],"author":[{"embeddable":true,"href":"https:\/\/inforse.org\/latinamerica\/wp-json\/wp\/v2\/users\/1"}],"replies":[{"embeddable":true,"href":"https:\/\/inforse.org\/latinamerica\/wp-json\/wp\/v2\/comments?post=52"}],"version-history":[{"count":3,"href":"https:\/\/inforse.org\/latinamerica\/wp-json\/wp\/v2\/pages\/52\/revisions"}],"predecessor-version":[{"id":1149,"href":"https:\/\/inforse.org\/latinamerica\/wp-json\/wp\/v2\/pages\/52\/revisions\/1149"}],"wp:attachment":[{"href":"https:\/\/inforse.org\/latinamerica\/wp-json\/wp\/v2\/media?parent=52"}],"curies":[{"name":"wp","href":"https:\/\/api.w.org\/{rel}","templated":true}]}}