{"id":511,"date":"2023-11-24T01:57:42","date_gmt":"2023-11-24T04:57:42","guid":{"rendered":"https:\/\/inforse.org\/latinamerica\/?page_id=511"},"modified":"2024-03-19T12:03:29","modified_gmt":"2024-03-19T15:03:29","slug":"inforse-asia-pt","status":"publish","type":"page","link":"https:\/\/inforse.org\/latinamerica\/pt\/inforse-asia-pt\/","title":{"rendered":"INFORSE \u00c1sia"},"content":{"rendered":"<p><a href=\"http:\/\/www.inforse.org\/asia\/\"><img decoding=\"async\" loading=\"lazy\" class=\"alignnone wp-image-631 size-medium\" src=\"https:\/\/inforse.org\/latinamerica\/wp-content\/uploads\/2024\/01\/INFORSE-Asia-logo-300x66.jpg\" alt=\"INFORSE-Asia\" width=\"300\" height=\"66\" srcset=\"https:\/\/inforse.org\/latinamerica\/wp-content\/uploads\/2024\/01\/INFORSE-Asia-logo-300x66.jpg 300w, https:\/\/inforse.org\/latinamerica\/wp-content\/uploads\/2024\/01\/INFORSE-Asia-logo.jpg 494w\" sizes=\"(max-width: 300px) 100vw, 300px\" \/><\/a><\/p>\n<p>INFORSE \u00c1sia &#8211; Link: <a href=\"https:\/\/inforse.org\/asia\/\">inforse.org\/asia<\/a><\/p>\n<p>A INFORSE Sul da \u00c1sia e a INFORSE Leste Asi\u00e1tico s\u00e3o duas das 7 regi\u00f5es da Rede Internacional para Energia Sustent\u00e1vel (INFORSE), que \u00e9 uma rede global de ONGs formada no F\u00f3rum Global do Rio em 1992.<\/p>\n<p>A INFORSE trabalha para a implementa\u00e7\u00e3o de solu\u00e7\u00f5es energ\u00e9ticas sustent\u00e1veis atrav\u00e9s da troca de informa\u00e7\u00f5es, da sensibiliza\u00e7\u00e3o, da formula\u00e7\u00e3o e implementa\u00e7\u00e3o de estrat\u00e9gias e do lobbying em f\u00f3runs internacionais.<\/p>\n<p>A INFORSE trabalha para a implementa\u00e7\u00e3o de solu\u00e7\u00f5es energ\u00e9ticas sustent\u00e1veis atrav\u00e9s da troca de informa\u00e7\u00f5es, da sensibiliza\u00e7\u00e3o, da formula\u00e7\u00e3o e implementa\u00e7\u00e3o de estrat\u00e9gias e do lobbying em f\u00f3runs internacionais. A rede \u00e9 um ponto de encontro para ONG que trabalham a n\u00edvel local, bem como a n\u00edvel nacional, regional e internacional. Todas as organiza\u00e7\u00f5es membros est\u00e3o unidas numa estrat\u00e9gia comum para o desenvolvimento sustent\u00e1vel a longo prazo que elimina gradualmente a utiliza\u00e7\u00e3o de energia nuclear e f\u00f3ssil. A INFORSE promove a promo\u00e7\u00e3o de solu\u00e7\u00f5es energ\u00e9ticas sustent\u00e1veis (energias renov\u00e1veis e efici\u00eancia energ\u00e9tica) que utilizam abordagens descentralizadas. Todas as atividades procuram proteger o ambiente e alcan\u00e7ar o desenvolvimento atrav\u00e9s da redu\u00e7\u00e3o da pobreza.<\/p>\n<p><strong>Estrutura:<\/strong> As organiza\u00e7\u00f5es membros e os Coordenadores Regionais organizam reuni\u00f5es regionais e outras atividades do INFORSE. As reuni\u00f5es regionais s\u00e3o a base da estrutura democr\u00e1tica da rede. Os Coordenadores est\u00e3o a trabalhar em planos de ac\u00e7\u00e3o regionais, assegurando pontos focais regionais da INFORSE e coordenando-se com outras regi\u00f5es da INFORSE. Nos pa\u00edses com actividades e\/ou membros substanciais da INFORSE, s\u00e3o eleitos pontos focais nacionais.<\/p>\n<p><strong>Atividades na \u00c1sia:<\/strong><br \/>\n\u2013 Sinergias INFORSE entre continentes Projeto de coopera\u00e7\u00e3o em rede global de ONGs na \u00c1frica Oriental e Ocidental, Sul da \u00c1sia e Am\u00e9rica Latina. Solu\u00e7\u00f5es locais propostas para a\u00e7\u00e3o e desenvolvimento clim\u00e1tico e pol\u00edticas para promover e ampliar solu\u00e7\u00f5es locais de energia sustent\u00e1vel em 2022-2023. Veja mais <a href=\"http:\/\/inforse.org\/synergies.php\">aqui<\/a>.<br \/>\n&#8211; Projetos de coopera\u00e7\u00e3o de ONG sobre \u201cdesenvolvimento de aldeias ecol\u00f3gicas\u201d no Sul da \u00c1sia (\u00cdndia, Nepal, Bangladesh, Sri Lanka) em 2015-2022.<br \/>\n\u2013 O projecto de coopera\u00e7\u00e3o de ONG \u201cAdvocacia baseada em evid\u00eancias, de baixo carbono e a favor dos pobres sobre o desenvolvimento sustent\u00e1vel de ecoaldeias\u201d (EVD) re\u00fane v\u00e1rios membros da INFORSE do Bangladesh, \u00cdndia, Nepal e Sri Lanka, bem como inclui a coopera\u00e7\u00e3o com a CAN. -Sul da \u00c1sia em 2015-2018.<br \/>\n\u2013 O projecto de coopera\u00e7\u00e3o com ONG \u201cPromo\u00e7\u00e3o de estrat\u00e9gias de baixo carbono a favor dos pobres\u201d reuniu v\u00e1rias organiza\u00e7\u00f5es INFORSE e organiza\u00e7\u00f5es CAN em 2014-2016.<br \/>\n\u2013 O Projecto de Capacita\u00e7\u00e3o Vozes do Sul para as Altera\u00e7\u00f5es Clim\u00e1ticas envolveu v\u00e1rios membros da INFORSE no Sul da \u00c1sia em 2011-2014.<br \/>\n\u2013 O Projecto de Capacita\u00e7\u00e3o de ONG para Solu\u00e7\u00f5es Energ\u00e9ticas Sustent\u00e1veis para Reduzir a Pobreza no Sul da \u00c1sia foi a maior actividade da INFORSE na \u00c1sia e envolveu membros do Bangladesh, \u00cdndia, Nepal e Sri Lanka em 2005-08. Um dos maiores resultados \u00e9 um Manual de Solu\u00e7\u00f5es.<br \/>\n\u2013 A educa\u00e7\u00e3o \u00e0 dist\u00e2ncia pela Internet sobre tecnologias de energias renov\u00e1veis foi desenvolvida pela INFORSE-Sul da \u00c1sia em coopera\u00e7\u00e3o com a INFORSE Europa. Os cursos foram ministrados entre 2000 e 2010.<\/p>\n<p><strong>Coordinadores regionales:<\/strong><br \/>\n<span style=\"text-decoration: underline;\">Asia Oriental y el Pac\u00edfico<\/span>: Instituto de Pol\u00edticas Energ\u00e9ticas Sostenibles (ISEP), att. Tetsunari Iida, Eric Martinot, Jap\u00f3n<\/p>\n<p><span style=\"text-decoration: underline;\">Asia Meridional:<\/span> Asociaci\u00f3n Integrada de Energ\u00eda Sostenible y Desarrollo Ecol\u00f3gico (INSEDA), att. Raymond Myles, Ashok Zutshi Sanjiv Nathan, Jagdeep Sharma, India<\/p>\n<p><strong>A INFORSE \u00c1sia participa nas atividades globais da INFORSE:<\/strong><br \/>\nA INFORSE tem estatuto consultivo junto do ECOSOC das Na\u00e7\u00f5es Unidas e da UNFCCC. Coment\u00e1rios, workshops, declara\u00e7\u00f5es e apresenta\u00e7\u00f5es s\u00e3o preparados para v\u00e1rios eventos ministeriais ou das Na\u00e7\u00f5es Unidas e seus f\u00f3runs paralelos de ONGs, incluindo:<\/p>\n<ul>\n<li>Confer\u00eancias clim\u00e1ticas (UNFCCC)<\/li>\n<li>Acompanhamento das Confer\u00eancias do Rio, do Processo CSD da ONU e dos ODS.<br \/>\n(HLPF2020 e HLPF 2021, Rio+20, CSD 14, CSD 15, CSD9 Nova Iorque, WSSD e F\u00f3rum da Sociedade Civil, Joanesburgo, 2002)<\/li>\n<li>Acompanhamento da Confer\u00eancia de Joanesburgo (Bona, 2004)<\/li>\n<li>Reuni\u00e3o dos Ministros Europeus do Ambiente em 1998<\/li>\n<li>V. Confer\u00eancia Internacional sobre Educa\u00e7\u00e3o de Adultos em 1997<\/li>\n<li>Cimeira Mundial sobre Desenvolvimento Social em 1995<\/li>\n<\/ul>\n<p>Encontre mais informa\u00e7\u00f5es no website da <a href=\"https:\/\/inforse.org\/asia\/\">INFORSE-Asia<\/a> e na nossa base de dados de membros aqui e na nossa base de dados de contactos <a href=\"https:\/\/inforse.org\/asia\/contactlist.php3\">aqui<\/a>.<\/p>\n<p>Se quiser apoiar o nosso trabalho de sustentabilidade na \u00c1sia, pode fazer a diferen\u00e7a <a href=\"https:\/\/www.inforse.org\/order_form.php3\">aqui<\/a>.<\/p>\n<p><a href=\"https:\/\/www.facebook.com\/INFORSE.SouthAsia\"><img decoding=\"async\" loading=\"lazy\" class=\"alignnone wp-image-1183\" src=\"https:\/\/inforse.org\/latinamerica\/wp-content\/uploads\/2024\/03\/Facebook_icon.svg_-1-300x300.png\" alt=\"\" width=\"40\" height=\"40\" srcset=\"https:\/\/inforse.org\/latinamerica\/wp-content\/uploads\/2024\/03\/Facebook_icon.svg_-1-300x300.png 300w, https:\/\/inforse.org\/latinamerica\/wp-content\/uploads\/2024\/03\/Facebook_icon.svg_-1-1024x1024.png 1024w, https:\/\/inforse.org\/latinamerica\/wp-content\/uploads\/2024\/03\/Facebook_icon.svg_-1-150x150.png 150w, https:\/\/inforse.org\/latinamerica\/wp-content\/uploads\/2024\/03\/Facebook_icon.svg_-1-768x768.png 768w, https:\/\/inforse.org\/latinamerica\/wp-content\/uploads\/2024\/03\/Facebook_icon.svg_-1-1536x1536.png 1536w, https:\/\/inforse.org\/latinamerica\/wp-content\/uploads\/2024\/03\/Facebook_icon.svg_-1-100x100.png 100w, https:\/\/inforse.org\/latinamerica\/wp-content\/uploads\/2024\/03\/Facebook_icon.svg_-1.png 2048w\" sizes=\"(max-width: 40px) 100vw, 40px\" \/><\/a><\/p>\n","protected":false},"excerpt":{"rendered":"<p>INFORSE \u00c1sia &#8211; Link: inforse.org\/asia A INFORSE Sul da \u00c1sia e a INFORSE Leste Asi\u00e1tico s\u00e3o duas das 7 regi\u00f5es da Rede Internacional para Energia Sustent\u00e1vel (INFORSE), que \u00e9 uma rede global de ONGs formada no F\u00f3rum Global do Rio em 1992. A INFORSE trabalha para a implementa\u00e7\u00e3o de solu\u00e7\u00f5es energ\u00e9ticas sustent\u00e1veis atrav\u00e9s da troca &hellip; <\/p>\n<p class=\"link-more\"><a href=\"https:\/\/inforse.org\/latinamerica\/pt\/inforse-asia-pt\/\" class=\"more-link\">Continue reading<span class=\"screen-reader-text\"> &#8220;INFORSE \u00c1sia&#8221;<\/span><\/a><\/p>\n","protected":false},"author":2,"featured_media":0,"parent":0,"menu_order":0,"comment_status":"closed","ping_status":"closed","template":"","meta":{"footnotes":""},"_links":{"self":[{"href":"https:\/\/inforse.org\/latinamerica\/wp-json\/wp\/v2\/pages\/511"}],"collection":[{"href":"https:\/\/inforse.org\/latinamerica\/wp-json\/wp\/v2\/pages"}],"about":[{"href":"https:\/\/inforse.org\/latinamerica\/wp-json\/wp\/v2\/types\/page"}],"author":[{"embeddable":true,"href":"https:\/\/inforse.org\/latinamerica\/wp-json\/wp\/v2\/users\/2"}],"replies":[{"embeddable":true,"href":"https:\/\/inforse.org\/latinamerica\/wp-json\/wp\/v2\/comments?post=511"}],"version-history":[{"count":10,"href":"https:\/\/inforse.org\/latinamerica\/wp-json\/wp\/v2\/pages\/511\/revisions"}],"predecessor-version":[{"id":1219,"href":"https:\/\/inforse.org\/latinamerica\/wp-json\/wp\/v2\/pages\/511\/revisions\/1219"}],"wp:attachment":[{"href":"https:\/\/inforse.org\/latinamerica\/wp-json\/wp\/v2\/media?parent=511"}],"curies":[{"name":"wp","href":"https:\/\/api.w.org\/{rel}","templated":true}]}}