{"id":499,"date":"2023-11-24T01:53:31","date_gmt":"2023-11-24T04:53:31","guid":{"rendered":"https:\/\/inforse.org\/latinamerica\/?page_id=499"},"modified":"2024-03-19T12:23:08","modified_gmt":"2024-03-19T15:23:08","slug":"grade-inforse","status":"publish","type":"page","link":"https:\/\/inforse.org\/latinamerica\/pt\/grade-inforse\/","title":{"rendered":"Grade INFORSE"},"content":{"rendered":"<p>A INFORSE\u00a0\u00e9 uma rede global de ONGs formada no F\u00f3rum Global do Rio em 1992. A INFORSE tem mais de 140 organiza\u00e7\u00f5es membros em todo o mundo.<\/p>\n<p>A INFORSE trabalha para a implementa\u00e7\u00e3o de solu\u00e7\u00f5es energ\u00e9ticas sustent\u00e1veis atrav\u00e9s de projetos de coopera\u00e7\u00e3o, troca de informa\u00e7\u00f5es, desenvolvimento de material educativo, sensibiliza\u00e7\u00e3o, formula\u00e7\u00e3o e implementa\u00e7\u00e3o de estrat\u00e9gias e lobby em f\u00f3runs internacionais. A rede \u00e9 um ponto de encontro para ONG que trabalham a n\u00edvel local, bem como a n\u00edvel nacional, regional e internacional. Todas as organiza\u00e7\u00f5es membros est\u00e3o unidas numa estrat\u00e9gia comum para o desenvolvimento sustent\u00e1vel a longo prazo que elimina gradualmente a utiliza\u00e7\u00e3o de energia nuclear e f\u00f3ssil. A INFORSE promove a promo\u00e7\u00e3o de solu\u00e7\u00f5es energ\u00e9ticas sustent\u00e1veis (energias renov\u00e1veis e efici\u00eancia energ\u00e9tica) que utilizam abordagens descentralizadas. Todas as atividades procuram proteger o ambiente e alcan\u00e7ar o desenvolvimento atrav\u00e9s da redu\u00e7\u00e3o da pobreza.<\/p>\n<p>A INFORSE tem uma base de dados online com mais de 1000 contactos organizacionais e 140 membros, que est\u00e1 dispon\u00edvel nos websites globais e regionais.<\/p>\n<p>Leia mais sobre as atividades nos sites das redes globais e regionais da INFORSE:<br \/>\nINFORSE GLOBAL <a href=\"https:\/\/www.inforse.org\/\">www.inforse.org<\/a><br \/>\nINFORSE LATIN AMERICA <a href=\"http:\/\/www.inforse.org\/latinamerica\/es\">www.inforse.org\/latinamerica\/es<\/a><br \/>\nINFORSE AFRICA <a href=\"http:\/\/www.inforse.org\/africa\">www.inforse.org\/africa<\/a><br \/>\nINFORSE ASIA <a href=\"http:\/\/www.inforse.org\/asia\">www.inforse.org\/asia<\/a><\/p>\n","protected":false},"excerpt":{"rendered":"<p>A INFORSE\u00a0\u00e9 uma rede global de ONGs formada no F\u00f3rum Global do Rio em 1992. A INFORSE tem mais de 140 organiza\u00e7\u00f5es membros em todo o mundo. A INFORSE trabalha para a implementa\u00e7\u00e3o de solu\u00e7\u00f5es energ\u00e9ticas sustent\u00e1veis atrav\u00e9s de projetos de coopera\u00e7\u00e3o, troca de informa\u00e7\u00f5es, desenvolvimento de material educativo, sensibiliza\u00e7\u00e3o, formula\u00e7\u00e3o e implementa\u00e7\u00e3o de estrat\u00e9gias &hellip; <\/p>\n<p class=\"link-more\"><a href=\"https:\/\/inforse.org\/latinamerica\/pt\/grade-inforse\/\" class=\"more-link\">Continue reading<span class=\"screen-reader-text\"> &#8220;Grade INFORSE&#8221;<\/span><\/a><\/p>\n","protected":false},"author":2,"featured_media":0,"parent":0,"menu_order":0,"comment_status":"closed","ping_status":"closed","template":"","meta":{"footnotes":""},"_links":{"self":[{"href":"https:\/\/inforse.org\/latinamerica\/wp-json\/wp\/v2\/pages\/499"}],"collection":[{"href":"https:\/\/inforse.org\/latinamerica\/wp-json\/wp\/v2\/pages"}],"about":[{"href":"https:\/\/inforse.org\/latinamerica\/wp-json\/wp\/v2\/types\/page"}],"author":[{"embeddable":true,"href":"https:\/\/inforse.org\/latinamerica\/wp-json\/wp\/v2\/users\/2"}],"replies":[{"embeddable":true,"href":"https:\/\/inforse.org\/latinamerica\/wp-json\/wp\/v2\/comments?post=499"}],"version-history":[{"count":4,"href":"https:\/\/inforse.org\/latinamerica\/wp-json\/wp\/v2\/pages\/499\/revisions"}],"predecessor-version":[{"id":1224,"href":"https:\/\/inforse.org\/latinamerica\/wp-json\/wp\/v2\/pages\/499\/revisions\/1224"}],"wp:attachment":[{"href":"https:\/\/inforse.org\/latinamerica\/wp-json\/wp\/v2\/media?parent=499"}],"curies":[{"name":"wp","href":"https:\/\/api.w.org\/{rel}","templated":true}]}}