{"id":497,"date":"2023-11-24T01:52:01","date_gmt":"2023-11-24T04:52:01","guid":{"rendered":"https:\/\/inforse.org\/latinamerica\/?page_id=497"},"modified":"2024-04-15T10:58:10","modified_gmt":"2024-04-15T13:58:10","slug":"publicacoes-e-posicoes","status":"publish","type":"page","link":"https:\/\/inforse.org\/latinamerica\/pt\/publicacoes-e-posicoes\/","title":{"rendered":"Publica\u00e7\u00f5es e Posi\u00e7\u00f5es"},"content":{"rendered":"<p><strong>Relat\u00f3rio sobre solu\u00e7\u00f5es e pol\u00edticas locais de energia sustent\u00e1vel<\/strong><\/p>\n<p>No dia 30 de agosto foi publicado um relat\u00f3rio, resultado de mais de um ano de trabalho dos coordenadores da INFORSE internacional, para identificar as mais importantes solu\u00e7\u00f5es locais sustent\u00e1veis \u200b\u200bpara o acesso \u00e0 energia e \u00e0 a\u00e7\u00e3o clim\u00e1tica. As principais solu\u00e7\u00f5es s\u00e3o:<\/p>\n<p>&#8211; Fog\u00f5es\/queimadores mais eficientes para lenha e carv\u00e3o<br \/>\n&#8211; Fog\u00f5es\/queimadores melhorados de alta efici\u00eancia para lenha<br \/>\n&#8211; Panelas de press\u00e3o el\u00e9tricas de alta efici\u00eancia<br \/>\n&#8211; Fabrica\u00e7\u00e3o eficiente de carv\u00e3o<br \/>\n&#8211; Briquetes de biomassa\/res\u00edduos agr\u00edcolas e p\u00f3 de carv\u00e3o<br \/>\n&#8211; Biog\u00e1s em escala dom\u00e9stica<br \/>\n&#8211; sistemas solares dom\u00e9sticos<br \/>\n&#8211; Minirredes<br \/>\n&#8211; Uso eficiente de luz e eletricidade.<br \/>\n&#8211; Ve\u00edculos el\u00e9tricos de duas rodas (bicicletas, scooters)<br \/>\n&#8211; Ve\u00edculos el\u00e9tricos de tr\u00eas rodas\/transporte local.<br \/>\n&#8211; Secadores solares<\/p>\n<p>Veja mais em <a href=\"https:\/\/inforse.org\/publications.php3\">https:\/\/inforse.org\/publications.php3<\/a><\/p>\n","protected":false},"excerpt":{"rendered":"<p>Relat\u00f3rio sobre solu\u00e7\u00f5es e pol\u00edticas locais de energia sustent\u00e1vel No dia 30 de agosto foi publicado um relat\u00f3rio, resultado de mais de um ano de trabalho dos coordenadores da INFORSE internacional, para identificar as mais importantes solu\u00e7\u00f5es locais sustent\u00e1veis \u200b\u200bpara o acesso \u00e0 energia e \u00e0 a\u00e7\u00e3o clim\u00e1tica. As principais solu\u00e7\u00f5es s\u00e3o: &#8211; Fog\u00f5es\/queimadores mais &hellip; <\/p>\n<p class=\"link-more\"><a href=\"https:\/\/inforse.org\/latinamerica\/pt\/publicacoes-e-posicoes\/\" class=\"more-link\">Continue reading<span class=\"screen-reader-text\"> &#8220;Publica\u00e7\u00f5es e Posi\u00e7\u00f5es&#8221;<\/span><\/a><\/p>\n","protected":false},"author":2,"featured_media":0,"parent":0,"menu_order":0,"comment_status":"closed","ping_status":"closed","template":"","meta":{"footnotes":""},"_links":{"self":[{"href":"https:\/\/inforse.org\/latinamerica\/wp-json\/wp\/v2\/pages\/497"}],"collection":[{"href":"https:\/\/inforse.org\/latinamerica\/wp-json\/wp\/v2\/pages"}],"about":[{"href":"https:\/\/inforse.org\/latinamerica\/wp-json\/wp\/v2\/types\/page"}],"author":[{"embeddable":true,"href":"https:\/\/inforse.org\/latinamerica\/wp-json\/wp\/v2\/users\/2"}],"replies":[{"embeddable":true,"href":"https:\/\/inforse.org\/latinamerica\/wp-json\/wp\/v2\/comments?post=497"}],"version-history":[{"count":4,"href":"https:\/\/inforse.org\/latinamerica\/wp-json\/wp\/v2\/pages\/497\/revisions"}],"predecessor-version":[{"id":1256,"href":"https:\/\/inforse.org\/latinamerica\/wp-json\/wp\/v2\/pages\/497\/revisions\/1256"}],"wp:attachment":[{"href":"https:\/\/inforse.org\/latinamerica\/wp-json\/wp\/v2\/media?parent=497"}],"curies":[{"name":"wp","href":"https:\/\/api.w.org\/{rel}","templated":true}]}}