{"id":495,"date":"2023-11-24T01:51:26","date_gmt":"2023-11-24T04:51:26","guid":{"rendered":"https:\/\/inforse.org\/latinamerica\/?page_id=495"},"modified":"2024-04-15T10:44:38","modified_gmt":"2024-04-15T13:44:38","slug":"eventos-2","status":"publish","type":"page","link":"https:\/\/inforse.org\/latinamerica\/pt\/eventos-2\/","title":{"rendered":"Eventos"},"content":{"rendered":"<p><strong>Os \u00faltimos eventos organizados pela INFORSE no ano passado:<\/strong><\/p>\n<ul>\n<li>Webinar: Desenvolvimento de Ecovilas no Sul da \u00c1sia &#8211; Nossos Resultados &#8211; 18 de dezembro de 2023\n<ul>\n<li>Organizadores: INSEDA, \u00cdndia; Grameen Shakti, Bangladesh; CRT, Nepal; ID\u00c9IA, Sri Lanka; INFORSE; CANSA; DIB, Dinamarca<\/li>\n<li>Participantes convidados: membros e partes interessadas da CANSA e da INFORSE do Bangladesh, \u00cdndia, Nepal, Sri Lanka e Nepal.<br \/>\nLeia o programa, o link de inscri\u00e7\u00e3o e os procedimentos posteriormente em: <a href=\"https:\/\/www.inforse.org\/Webinar_EVD_Results_SouthAsia_18122023.php\">www.inforse.org\/We&#8230;hAsia_18122023.php<\/a><\/li>\n<\/ul>\n<\/li>\n<\/ul>\n<ul>\n<li>Evento: UNFCCC COP28 INFORSE Side Event: Local Solutions, 100RE &#8211; 8 de dezembro de 2023\n<ul>\n<li>Apresentando o desenvolvimento comunit\u00e1rio e de eco-aldeias: transi\u00e7\u00e3o para 100% de energias renov\u00e1veis, mitiga\u00e7\u00e3o clim\u00e1tica, adapta\u00e7\u00e3o e resili\u00eancia com co-benef\u00edcios sociais, gera\u00e7\u00e3o de renda, seguran\u00e7a alimentar, meios de subsist\u00eancia, g\u00e9nero. Cat\u00e1logos on-line. Exemplos Planeamento e forma\u00e7\u00e3o participativos em \u00c1frica, no Sul da \u00c1sia e em todo o mundo.<\/li>\n<li>Organizadores: Global Ecovillage Network (GEN), INSEDA (INFORSE-Sul da \u00c1sia), Nordic Folkecenter for Renewable Energy, SusWatch Kenya.<br \/>\nLeia o programa, link de inscri\u00e7\u00e3o e procedimentos posteriormente em: <a href=\"https:\/\/www.inforse.org\/cop28.php\">www.inforse.org\/cop28.php<\/a><\/li>\n<\/ul>\n<\/li>\n<\/ul>\n<ul>\n<li>Projeto: INFORSE Sinergias entre Continentes Projeto de Coopera\u00e7\u00e3o Global 2022-23\n<ul>\n<li>Os coordenadores da INFORSE organizam uma s\u00e9rie de webinars e material de forma\u00e7\u00e3o sobre solu\u00e7\u00f5es energ\u00e9ticas locais e sustent\u00e1veis que s\u00e3o importantes para a transi\u00e7\u00e3o para a energia sustent\u00e1vel, bem como para o desenvolvimento e a redu\u00e7\u00e3o da pobreza.<\/li>\n<li>Regi\u00f5es INFORSE envolvidas: \u00c1frica Oriental, \u00c1frica Ocidental, Sul da \u00c1sia, Am\u00e9rica Latina<br \/>\nLeia o programa e os procedimentos posteriormente em: <a href=\"https:\/\/www.inforse.org\/synergies.php\">https:\/\/www.inforse.org\/synergies.php<\/a><\/li>\n<\/ul>\n<\/li>\n<\/ul>\n<ul>\n<li>Projeto: EASE-CA Sociedade Civil da \u00c1frica Oriental para Energia Sustent\u00e1vel e A\u00e7\u00e3o Clim\u00e1tica 2019-23\n<ul>\n<li>O objectivo geral de desenvolvimento do Projecto \u00e9 aumentar o acesso \u00e0 energia sustent\u00e1vel e outras solu\u00e7\u00f5es clim\u00e1ticas para as comunidades locais no Uganda, Qu\u00e9nia e Tanz\u00e2nia, com a participa\u00e7\u00e3o e lideran\u00e7a plena e efectiva de mulheres e homens para melhorar os meios de subsist\u00eancia e reduzir a pobreza. Isto ser\u00e1 conseguido atrav\u00e9s da combina\u00e7\u00e3o das actividades das Organiza\u00e7\u00f5es da Sociedade Civil (OSC) a n\u00edvel local, nacional e internacional de forma a que se reforcem mutuamente. O projeto trabalha principalmente para atingir o Objetivo de Desenvolvimento Sustent\u00e1vel (ODS) 1 (pobreza), ODS5 (g\u00eanero), ODS7 (energia limpa), ODS 13 (a\u00e7\u00e3o clim\u00e1tica) e ODS 17 (parcerias).<\/li>\n<li>Link: <a href=\"https:\/\/www.inforse.org\/africa\/EASE.htm\">https:\/\/www.inforse.org\/africa\/EASE.htm<\/a><\/li>\n<\/ul>\n<\/li>\n<\/ul>\n","protected":false},"excerpt":{"rendered":"<p>Os \u00faltimos eventos organizados pela INFORSE no ano passado: Webinar: Desenvolvimento de Ecovilas no Sul da \u00c1sia &#8211; Nossos Resultados &#8211; 18 de dezembro de 2023 Organizadores: INSEDA, \u00cdndia; Grameen Shakti, Bangladesh; CRT, Nepal; ID\u00c9IA, Sri Lanka; INFORSE; CANSA; DIB, Dinamarca Participantes convidados: membros e partes interessadas da CANSA e da INFORSE do Bangladesh, \u00cdndia, &hellip; <\/p>\n<p class=\"link-more\"><a href=\"https:\/\/inforse.org\/latinamerica\/pt\/eventos-2\/\" class=\"more-link\">Continue reading<span class=\"screen-reader-text\"> &#8220;Eventos&#8221;<\/span><\/a><\/p>\n","protected":false},"author":2,"featured_media":0,"parent":0,"menu_order":0,"comment_status":"closed","ping_status":"closed","template":"","meta":{"footnotes":""},"_links":{"self":[{"href":"https:\/\/inforse.org\/latinamerica\/wp-json\/wp\/v2\/pages\/495"}],"collection":[{"href":"https:\/\/inforse.org\/latinamerica\/wp-json\/wp\/v2\/pages"}],"about":[{"href":"https:\/\/inforse.org\/latinamerica\/wp-json\/wp\/v2\/types\/page"}],"author":[{"embeddable":true,"href":"https:\/\/inforse.org\/latinamerica\/wp-json\/wp\/v2\/users\/2"}],"replies":[{"embeddable":true,"href":"https:\/\/inforse.org\/latinamerica\/wp-json\/wp\/v2\/comments?post=495"}],"version-history":[{"count":3,"href":"https:\/\/inforse.org\/latinamerica\/wp-json\/wp\/v2\/pages\/495\/revisions"}],"predecessor-version":[{"id":1248,"href":"https:\/\/inforse.org\/latinamerica\/wp-json\/wp\/v2\/pages\/495\/revisions\/1248"}],"wp:attachment":[{"href":"https:\/\/inforse.org\/latinamerica\/wp-json\/wp\/v2\/media?parent=495"}],"curies":[{"name":"wp","href":"https:\/\/api.w.org\/{rel}","templated":true}]}}