{"id":493,"date":"2023-11-24T01:50:57","date_gmt":"2023-11-24T04:50:57","guid":{"rendered":"https:\/\/inforse.org\/latinamerica\/?page_id=493"},"modified":"2024-02-10T12:06:08","modified_gmt":"2024-02-10T15:06:08","slug":"financiamento","status":"publish","type":"page","link":"https:\/\/inforse.org\/latinamerica\/pt\/financiamento\/","title":{"rendered":"Financiamento"},"content":{"rendered":"<p><strong>Institui\u00e7\u00f5es e Fundos, presentes na Am\u00e9rica Latina:<\/strong><\/p>\n<p><a href=\"https:\/\/www.iadb.org\/es\">Banco Interamericano de Desenvolvimento (BID)<\/a>: O BID possui v\u00e1rios fundos e programas destinados a financiar projetos que promovam o desenvolvimento sustent\u00e1vel e a adapta\u00e7\u00e3o \u00e0s mudan\u00e7as clim\u00e1ticas na Am\u00e9rica Latina e no Caribe.<br \/>\nFundo Multilateral de Investimentos (FUMIN): O FUMIN \u00e9 membro do Grupo do Banco Interamericano de Desenvolvimento, descrito acima, que financia projetos de desenvolvimento na Am\u00e9rica Latina e no Caribe em \u00e1reas como energia renov\u00e1vel, agricultura sustent\u00e1vel e transporte sustent\u00e1vel.<\/p>\n<p><a href=\"https:\/\/www.caf.com\/es\/\">Corpora\u00e7\u00e3o Andina de Desenvolvimento (CAF)<\/a>: A CAF financia projetos em \u00e1reas como energia renov\u00e1vel, efici\u00eancia energ\u00e9tica, transporte sustent\u00e1vel e gest\u00e3o de recursos naturais. Est\u00e1 sediada em Caracas e est\u00e1 presente em diversos pa\u00edses da Am\u00e9rica Latina.<\/p>\n<p><a href=\"https:\/\/www.greenclimate.fund\/\">Fundo Verde para o Clima (GCF)<\/a>: O GCF \u00e9 um fundo estabelecido pela Conven\u00e7\u00e3o-Quadro das Na\u00e7\u00f5es Unidas sobre Altera\u00e7\u00f5es Clim\u00e1ticas (UNFCCC) para ajudar os pa\u00edses em desenvolvimento a mitigar e a adaptar-se \u00e0s altera\u00e7\u00f5es clim\u00e1ticas.<\/p>\n<p><a href=\"https:\/\/www.thegef.org\/\">Fundo Global para o Meio Ambiente (GEF)<\/a>: O GEF \u00e9 um fundo multilateral que financia projetos que promovem a conserva\u00e7\u00e3o ambiental e a sustentabilidade em todo o mundo.<\/p>\n<p>Ag\u00eancia dos Estados Unidos para o Desenvolvimento Internacional (USAID): A USAID financia projetos na Am\u00e9rica Latina e no Caribe em \u00e1reas como gest\u00e3o de recursos naturais, mitiga\u00e7\u00e3o das mudan\u00e7as clim\u00e1ticas e adapta\u00e7\u00e3o \u00e0s mudan\u00e7as clim\u00e1ticas.<\/p>\n<p><a href=\"https:\/\/www.bancomundial.org\/es\/home\">Banco Mundial<\/a>: O Banco Mundial tem uma s\u00e9rie de iniciativas e programas destinados a promover a sustentabilidade ambiental e a adapta\u00e7\u00e3o \u00e0s mudan\u00e7as clim\u00e1ticas na Am\u00e9rica Latina e no Caribe. Alguns dos projetos que financiou foram os seguintes; Programa de gest\u00e3o de res\u00edduos s\u00f3lidos no Brasil, Programa de energia renov\u00e1vel no M\u00e9xico Programa de redu\u00e7\u00e3o de emiss\u00f5es na Col\u00f4mbia, Programa de adapta\u00e7\u00e3o \u00e0s mudan\u00e7as clim\u00e1ticas no Caribe Programa de transporte sustent\u00e1vel no Peru<\/p>\n<p><a href=\"https:\/\/www.ifad.org\/es\/about\">Fundo Internacional para o Desenvolvimento Agr\u00edcola (FIDA)<\/a>: O FIDA financia projetos relacionados com a agricultura sustent\u00e1vel e a gest\u00e3o de recursos naturais na Am\u00e9rica Latina e nas Cara\u00edbas.<\/p>\n<p><a href=\"https:\/\/european-union.europa.eu\/institutions-law-budget\/institutions-and-bodies\/search-all-eu-institutions-and-bodies\/european-investment-bank-eib_es\">Banco Europeu de Investimento (BEI)<\/a>: O BEI financia projetos na Am\u00e9rica Latina e nas Cara\u00edbas em \u00e1reas como a efici\u00eancia energ\u00e9tica, as energias renov\u00e1veis \u200b\u200be as infraestruturas sustent\u00e1veis.<\/p>\n<p><a href=\"https:\/\/www.bcie.org\/\">Banco Centro-Americano de Integra\u00e7\u00e3o Econ\u00f4mica (BCIE)<\/a>: \u00c9 uma institui\u00e7\u00e3o financeira multilateral que fornece financiamento e assist\u00eancia t\u00e9cnica a projetos de desenvolvimento na Am\u00e9rica Central. Foi fundada em 1960 por Guatemala, Honduras, El Salvador, Nicar\u00e1gua e Costa Rica, e mais tarde aderiu a Rep\u00fablica Dominicana. O CABEI tem v\u00e1rios programas de financiamento ambiental e clim\u00e1tico e financiou projetos em \u00e1reas como energias renov\u00e1veis, gest\u00e3o de res\u00edduos, adapta\u00e7\u00e3o \u00e0s altera\u00e7\u00f5es clim\u00e1ticas e conserva\u00e7\u00e3o de recursos naturais.<\/p>\n","protected":false},"excerpt":{"rendered":"<p>Institui\u00e7\u00f5es e Fundos, presentes na Am\u00e9rica Latina: Banco Interamericano de Desenvolvimento (BID): O BID possui v\u00e1rios fundos e programas destinados a financiar projetos que promovam o desenvolvimento sustent\u00e1vel e a adapta\u00e7\u00e3o \u00e0s mudan\u00e7as clim\u00e1ticas na Am\u00e9rica Latina e no Caribe. Fundo Multilateral de Investimentos (FUMIN): O FUMIN \u00e9 membro do Grupo do Banco Interamericano de &hellip; <\/p>\n<p class=\"link-more\"><a href=\"https:\/\/inforse.org\/latinamerica\/pt\/financiamento\/\" class=\"more-link\">Continue reading<span class=\"screen-reader-text\"> &#8220;Financiamento&#8221;<\/span><\/a><\/p>\n","protected":false},"author":2,"featured_media":0,"parent":0,"menu_order":0,"comment_status":"closed","ping_status":"closed","template":"","meta":{"footnotes":""},"_links":{"self":[{"href":"https:\/\/inforse.org\/latinamerica\/wp-json\/wp\/v2\/pages\/493"}],"collection":[{"href":"https:\/\/inforse.org\/latinamerica\/wp-json\/wp\/v2\/pages"}],"about":[{"href":"https:\/\/inforse.org\/latinamerica\/wp-json\/wp\/v2\/types\/page"}],"author":[{"embeddable":true,"href":"https:\/\/inforse.org\/latinamerica\/wp-json\/wp\/v2\/users\/2"}],"replies":[{"embeddable":true,"href":"https:\/\/inforse.org\/latinamerica\/wp-json\/wp\/v2\/comments?post=493"}],"version-history":[{"count":4,"href":"https:\/\/inforse.org\/latinamerica\/wp-json\/wp\/v2\/pages\/493\/revisions"}],"predecessor-version":[{"id":740,"href":"https:\/\/inforse.org\/latinamerica\/wp-json\/wp\/v2\/pages\/493\/revisions\/740"}],"wp:attachment":[{"href":"https:\/\/inforse.org\/latinamerica\/wp-json\/wp\/v2\/media?parent=493"}],"curies":[{"name":"wp","href":"https:\/\/api.w.org\/{rel}","templated":true}]}}