{"id":491,"date":"2023-11-24T01:50:16","date_gmt":"2023-11-24T04:50:16","guid":{"rendered":"https:\/\/inforse.org\/latinamerica\/?page_id=491"},"modified":"2024-02-09T14:00:38","modified_gmt":"2024-02-09T17:00:38","slug":"cenarios-energeticos","status":"publish","type":"page","link":"https:\/\/inforse.org\/latinamerica\/pt\/cenarios-energeticos\/","title":{"rendered":"cen\u00e1rios energ\u00e9ticos"},"content":{"rendered":"<p><strong>Cen\u00e1rios energ\u00e9ticos na Argentina<\/strong><\/p>\n<p>Plano Nacional de Energia 2020-2025 do Minist\u00e9rio da Economia da Argentina: https:\/\/www.argentina.gob.ar\/sites\/default\/files\/pne_2020_2025_0.pdf<\/p>\n<p>Cen\u00e1rios energ\u00e9ticos para a Argentina 2030 da Funda\u00e7\u00e3o para o Desenvolvimento El\u00e9trico (FUNDELEC): https:\/\/www.fundelec.org.ar\/escenarios-energeticos-de-argentina-2030\/<\/p>\n<p>Cen\u00e1rios energ\u00e9ticos da Argentina para 2040 da Ag\u00eancia Internacional de Energia (AIE): https:\/\/www.iea.org\/reports\/energy-policies-of-iea-countries-argentina-2020-review\/escenarios-energeticos-de-argentina -2040<\/p>\n<p>\u201cEstrat\u00e9gia Nacional para Mudan\u00e7as Clim\u00e1ticas da Argentina\u201d (Minist\u00e9rio do Meio Ambiente e Desenvolvimento Sustent\u00e1vel da Na\u00e7\u00e3o): https:\/\/www.argentina.gob.ar\/sites\/default\/files\/estrategia_nacional_de_cambio_climatico.pdf<\/p>\n<p>\u201cA transi\u00e7\u00e3o energ\u00e9tica na Argentina: desafios e oportunidades\u201d (Funda\u00e7\u00e3o Meio Ambiente e Recursos Naturais): https:\/\/farn.org.ar\/wp-content\/uploads\/2019\/03\/La-Transicion-Energetica-en-Argentina.- Desafios e oportunidades.pdf<\/p>\n<p>\u201cProjetos de energias renov\u00e1veis \u200b\u200bna Argentina: perspectivas e desafios\u201d (Universidade de Buenos Aires): https:\/\/revistas.unc.edu.ar\/index.php\/REP\/article\/view\/27287<\/p>\n<p>\u201cAdapta\u00e7\u00e3o \u00e0s mudan\u00e7as clim\u00e1ticas na agricultura na regi\u00e3o dos Pampas da Argentina\u201d (Instituto Nacional de Tecnologia Agr\u00edcola): https:\/\/inta.gob.ar\/sites\/default\/files\/script-tmp-la-adaptacion-al-clima- mudan\u00e7a-na-agricultura-da-regi\u00e3o-dos-pampas-da-argentina-2020.pdf<\/p>\n<p>\u201cAvalia\u00e7\u00e3o da vulnerabilidade \u00e0s mudan\u00e7as clim\u00e1ticas em \u00e1reas urbanas da Argentina\u201d (Universidade Nacional de San Mart\u00edn): https:\/\/www.sciencedirect.com\/science\/article\/pii\/S2212096321000222<\/p>\n<p><strong>Am\u00e9rica Latina e Caribe<\/strong><\/p>\n<p>\u201cEnergia na Am\u00e9rica Latina e no Caribe: um olhar para o futuro\u201d da Comiss\u00e3o Econ\u00f4mica para a Am\u00e9rica Latina e o Caribe (CEPAL): https:\/\/repositorio.cepal.org\/bitstream\/handle\/11362\/44060\/1\/S1900627_es .pdf<\/p>\n<p>\u201cEnergia 2050: um roteiro para um futuro energ\u00e9tico sustent\u00e1vel na Am\u00e9rica Latina e no Caribe\u201d do Banco Interamericano de Desenvolvimento (BID): https:\/\/publications.iadb.org\/publications\/spanish\/document\/Energia-2050-Una -roteiro-para-um-futuro-de-energia-sustent\u00e1vel-na-Am\u00e9rica-Latina-e-no-Caribe.pdf<\/p>\n<p>\u201cEnergia e desenvolvimento sustent\u00e1vel na Am\u00e9rica Latina e no Caribe\u201d da Organiza\u00e7\u00e3o Latino-Americana de Energia (OLADE): https:\/\/www.olade.org\/wp-content\/uploads\/2018\/10\/Energia_y_desarrollo_sostenible_en_ALyC.pdf<\/p>\n","protected":false},"excerpt":{"rendered":"<p>Cen\u00e1rios energ\u00e9ticos na Argentina Plano Nacional de Energia 2020-2025 do Minist\u00e9rio da Economia da Argentina: https:\/\/www.argentina.gob.ar\/sites\/default\/files\/pne_2020_2025_0.pdf Cen\u00e1rios energ\u00e9ticos para a Argentina 2030 da Funda\u00e7\u00e3o para o Desenvolvimento El\u00e9trico (FUNDELEC): https:\/\/www.fundelec.org.ar\/escenarios-energeticos-de-argentina-2030\/ Cen\u00e1rios energ\u00e9ticos da Argentina para 2040 da Ag\u00eancia Internacional de Energia (AIE): https:\/\/www.iea.org\/reports\/energy-policies-of-iea-countries-argentina-2020-review\/escenarios-energeticos-de-argentina -2040 \u201cEstrat\u00e9gia Nacional para Mudan\u00e7as Clim\u00e1ticas da Argentina\u201d (Minist\u00e9rio do Meio Ambiente &hellip; <\/p>\n<p class=\"link-more\"><a href=\"https:\/\/inforse.org\/latinamerica\/pt\/cenarios-energeticos\/\" class=\"more-link\">Continue reading<span class=\"screen-reader-text\"> &#8220;cen\u00e1rios energ\u00e9ticos&#8221;<\/span><\/a><\/p>\n","protected":false},"author":2,"featured_media":0,"parent":0,"menu_order":0,"comment_status":"closed","ping_status":"closed","template":"","meta":{"footnotes":""},"_links":{"self":[{"href":"https:\/\/inforse.org\/latinamerica\/wp-json\/wp\/v2\/pages\/491"}],"collection":[{"href":"https:\/\/inforse.org\/latinamerica\/wp-json\/wp\/v2\/pages"}],"about":[{"href":"https:\/\/inforse.org\/latinamerica\/wp-json\/wp\/v2\/types\/page"}],"author":[{"embeddable":true,"href":"https:\/\/inforse.org\/latinamerica\/wp-json\/wp\/v2\/users\/2"}],"replies":[{"embeddable":true,"href":"https:\/\/inforse.org\/latinamerica\/wp-json\/wp\/v2\/comments?post=491"}],"version-history":[{"count":2,"href":"https:\/\/inforse.org\/latinamerica\/wp-json\/wp\/v2\/pages\/491\/revisions"}],"predecessor-version":[{"id":570,"href":"https:\/\/inforse.org\/latinamerica\/wp-json\/wp\/v2\/pages\/491\/revisions\/570"}],"wp:attachment":[{"href":"https:\/\/inforse.org\/latinamerica\/wp-json\/wp\/v2\/media?parent=491"}],"curies":[{"name":"wp","href":"https:\/\/api.w.org\/{rel}","templated":true}]}}