{"id":489,"date":"2023-11-24T01:49:43","date_gmt":"2023-11-24T04:49:43","guid":{"rendered":"https:\/\/inforse.org\/latinamerica\/?page_id=489"},"modified":"2023-11-24T03:51:53","modified_gmt":"2023-11-24T06:51:53","slug":"negociacoes-sobre-mudancas-climaticas","status":"publish","type":"page","link":"https:\/\/inforse.org\/latinamerica\/pt\/negociacoes-sobre-mudancas-climaticas\/","title":{"rendered":"Negocia\u00e7\u00f5es sobre Mudan\u00e7as Clim\u00e1ticas"},"content":{"rendered":"<p>A INFORSE participa ativamente na sensibiliza\u00e7\u00e3o internacional, acompanhando e influenciando quest\u00f5es energ\u00e9ticas sustent\u00e1veis \u200b\u200bnas negocia\u00e7\u00f5es internacionais.<\/p>\n<p>A INFORSE \u00e9 credenciada pelo Conselho Econ\u00f3mico e Social das Na\u00e7\u00f5es Unidas (ECOSOC) e pela Conven\u00e7\u00e3o-Quadro das Na\u00e7\u00f5es Unidas sobre Altera\u00e7\u00f5es Clim\u00e1ticas (UNFCCC) com estatuto consultivo.<\/p>\n<p>Participou com delega\u00e7\u00f5es, exposi\u00e7\u00f5es e eventos paralelos em 16 das Confer\u00eancias das Partes.<\/p>\n","protected":false},"excerpt":{"rendered":"<p>A INFORSE participa ativamente na sensibiliza\u00e7\u00e3o internacional, acompanhando e influenciando quest\u00f5es energ\u00e9ticas sustent\u00e1veis \u200b\u200bnas negocia\u00e7\u00f5es internacionais. A INFORSE \u00e9 credenciada pelo Conselho Econ\u00f3mico e Social das Na\u00e7\u00f5es Unidas (ECOSOC) e pela Conven\u00e7\u00e3o-Quadro das Na\u00e7\u00f5es Unidas sobre Altera\u00e7\u00f5es Clim\u00e1ticas (UNFCCC) com estatuto consultivo. Participou com delega\u00e7\u00f5es, exposi\u00e7\u00f5es e eventos paralelos em 16 das Confer\u00eancias das Partes.<\/p>\n","protected":false},"author":2,"featured_media":0,"parent":0,"menu_order":0,"comment_status":"closed","ping_status":"closed","template":"","meta":{"footnotes":""},"_links":{"self":[{"href":"https:\/\/inforse.org\/latinamerica\/wp-json\/wp\/v2\/pages\/489"}],"collection":[{"href":"https:\/\/inforse.org\/latinamerica\/wp-json\/wp\/v2\/pages"}],"about":[{"href":"https:\/\/inforse.org\/latinamerica\/wp-json\/wp\/v2\/types\/page"}],"author":[{"embeddable":true,"href":"https:\/\/inforse.org\/latinamerica\/wp-json\/wp\/v2\/users\/2"}],"replies":[{"embeddable":true,"href":"https:\/\/inforse.org\/latinamerica\/wp-json\/wp\/v2\/comments?post=489"}],"version-history":[{"count":2,"href":"https:\/\/inforse.org\/latinamerica\/wp-json\/wp\/v2\/pages\/489\/revisions"}],"predecessor-version":[{"id":564,"href":"https:\/\/inforse.org\/latinamerica\/wp-json\/wp\/v2\/pages\/489\/revisions\/564"}],"wp:attachment":[{"href":"https:\/\/inforse.org\/latinamerica\/wp-json\/wp\/v2\/media?parent=489"}],"curies":[{"name":"wp","href":"https:\/\/api.w.org\/{rel}","templated":true}]}}