{"id":485,"date":"2023-11-24T01:46:59","date_gmt":"2023-11-24T04:46:59","guid":{"rendered":"https:\/\/inforse.org\/latinamerica\/?page_id=485"},"modified":"2024-02-10T10:16:15","modified_gmt":"2024-02-10T13:16:15","slug":"ecovilas","status":"publish","type":"page","link":"https:\/\/inforse.org\/latinamerica\/pt\/ecovilas\/","title":{"rendered":"Ecovilas (Argentina)"},"content":{"rendered":"<p><strong>Usina Popular e Municipal de Tandil S.E.M<br \/>\nUsicom S.A.<\/strong><br \/>\nTrata-se de um novo Projeto de Gera\u00e7\u00e3o de Energia Renov\u00e1vel (Fotovoltaica) que ser\u00e1 injetado na rede de m\u00e9dia tens\u00e3o da USINA TANDIL.<br \/>\nA USINA investir\u00e1 em um Parque Solar escal\u00e1vel, que proporcionar\u00e1 a qualquer usu\u00e1rio com medidor de corrente a possibilidade de adquirir Energia Renov\u00e1vel ADVANCE.<br \/>\nCada inversor pode adquirir um ou mais m\u00f3dulos, desde que n\u00e3o ultrapasse 100% do consumo m\u00e9dio anual de energia com USINA<\/p>\n<p><img decoding=\"async\" loading=\"lazy\" class=\"alignnone size-medium wp-image-376\" src=\"https:\/\/inforse.org\/latinamerica\/wp-content\/uploads\/2023\/07\/DOC-20230714-WA0073._Page_15-300x169.jpg\" alt=\"\" width=\"300\" height=\"169\" srcset=\"https:\/\/inforse.org\/latinamerica\/wp-content\/uploads\/2023\/07\/DOC-20230714-WA0073._Page_15-300x169.jpg 300w, https:\/\/inforse.org\/latinamerica\/wp-content\/uploads\/2023\/07\/DOC-20230714-WA0073._Page_15.jpg 720w\" sizes=\"(max-width: 300px) 100vw, 300px\" \/><\/p>\n<p><strong>Aldeias solares em Jujuy<\/strong><br \/>\n\u2013 Mini rede isolada com armazenamento<\/p>\n<p><img decoding=\"async\" loading=\"lazy\" class=\"alignnone size-medium wp-image-377\" src=\"https:\/\/inforse.org\/latinamerica\/wp-content\/uploads\/2023\/07\/DOC-20230714-WA0073._Page_9-300x169.jpg\" alt=\"\" width=\"300\" height=\"169\" srcset=\"https:\/\/inforse.org\/latinamerica\/wp-content\/uploads\/2023\/07\/DOC-20230714-WA0073._Page_9-300x169.jpg 300w, https:\/\/inforse.org\/latinamerica\/wp-content\/uploads\/2023\/07\/DOC-20230714-WA0073._Page_9.jpg 720w\" sizes=\"(max-width: 300px) 100vw, 300px\" \/><\/p>\n<p><strong>Minirrede h\u00edbrida (solar-e\u00f3lica) Naupa Huen, Rio Negro, Argentina<\/strong><\/p>\n<p><img decoding=\"async\" loading=\"lazy\" class=\"alignnone size-medium wp-image-378\" src=\"https:\/\/inforse.org\/latinamerica\/wp-content\/uploads\/2023\/07\/DOC-20230714-WA0073._Page_10-300x169.jpg\" alt=\"\" width=\"300\" height=\"169\" srcset=\"https:\/\/inforse.org\/latinamerica\/wp-content\/uploads\/2023\/07\/DOC-20230714-WA0073._Page_10-300x169.jpg 300w, https:\/\/inforse.org\/latinamerica\/wp-content\/uploads\/2023\/07\/DOC-20230714-WA0073._Page_10.jpg 720w\" sizes=\"(max-width: 300px) 100vw, 300px\" \/><\/p>\n<p><strong>GAIA Ecovila Navarro, Argentina<\/strong><\/p>\n<p><img decoding=\"async\" loading=\"lazy\" class=\"alignnone size-medium wp-image-379\" src=\"https:\/\/inforse.org\/latinamerica\/wp-content\/uploads\/2023\/07\/DOC-20230714-WA0073._Page_12-300x169.jpg\" alt=\"\" width=\"300\" height=\"169\" \/><\/p>\n<p><strong>PRIER Amstrong<\/strong><\/p>\n<p><img decoding=\"async\" loading=\"lazy\" class=\"alignnone size-medium wp-image-382\" src=\"https:\/\/inforse.org\/latinamerica\/wp-content\/uploads\/2023\/07\/DOC-20230714-WA0073._Page_14-300x169.jpg\" alt=\"\" width=\"300\" height=\"169\" srcset=\"https:\/\/inforse.org\/latinamerica\/wp-content\/uploads\/2023\/07\/DOC-20230714-WA0073._Page_14-300x169.jpg 300w, https:\/\/inforse.org\/latinamerica\/wp-content\/uploads\/2023\/07\/DOC-20230714-WA0073._Page_14.jpg 720w\" sizes=\"(max-width: 300px) 100vw, 300px\" \/><\/p>\n<p>PRIER \u00e9 um projeto piloto de gera\u00e7\u00e3o de energia el\u00e9trica com pain\u00e9is fotovoltaicos. Seu objetivo \u00e9 a implementa\u00e7\u00e3o, start-up e avalia\u00e7\u00e3o de uma experi\u00eancia distribu\u00edda de gera\u00e7\u00e3o de energia renov\u00e1vel que contribua para o desenvolvimento da rede inteligente na cidade de Armstrong.<\/p>\n<p>\u2013 LOCALIZA\u00c7\u00c3O DOS PAIN\u00c9IS 1 PISO PISO<br \/>\nLocalizado na Zona Industrial. Estende-se por 1 hectare e fornece energia \u00e0 rede geral da cidade<\/p>\n<p><img decoding=\"async\" loading=\"lazy\" class=\"alignnone size-medium wp-image-380\" src=\"https:\/\/inforse.org\/latinamerica\/wp-content\/uploads\/2023\/07\/DOC-20230714-WA0073._Page_13-e1689354354829-300x174.jpg\" alt=\"\" width=\"300\" height=\"174\" srcset=\"https:\/\/inforse.org\/latinamerica\/wp-content\/uploads\/2023\/07\/DOC-20230714-WA0073._Page_13-e1689354354829-300x174.jpg 300w, https:\/\/inforse.org\/latinamerica\/wp-content\/uploads\/2023\/07\/DOC-20230714-WA0073._Page_13-e1689354354829.jpg 309w\" sizes=\"(max-width: 300px) 100vw, 300px\" \/><\/p>\n<p>\u2013 LOCALIZA\u00c7\u00c3O DOS 50 PAIN\u00c9IS SOLARES DO TELHADO<br \/>\nLocalizado em resid\u00eancias, empresas e institui\u00e7\u00f5es. \u00c9 preciso ter acesso ao sol, medidores inteligentes e viabilidade t\u00e9cnica para estruturas de suporte. Fornece energia para a rede geral da cidade.<\/p>\n<p><img decoding=\"async\" loading=\"lazy\" class=\"alignnone size-medium wp-image-387\" src=\"https:\/\/inforse.org\/latinamerica\/wp-content\/uploads\/2023\/07\/Diap-13-parte-2-e1689354976236-300x177.png\" alt=\"\" width=\"300\" height=\"177\" srcset=\"https:\/\/inforse.org\/latinamerica\/wp-content\/uploads\/2023\/07\/Diap-13-parte-2-e1689354976236-300x177.png 300w, https:\/\/inforse.org\/latinamerica\/wp-content\/uploads\/2023\/07\/Diap-13-parte-2-e1689354976236.png 311w\" sizes=\"(max-width: 300px) 100vw, 300px\" \/><\/p>\n","protected":false},"excerpt":{"rendered":"<p>Usina Popular e Municipal de Tandil S.E.M Usicom S.A. Trata-se de um novo Projeto de Gera\u00e7\u00e3o de Energia Renov\u00e1vel (Fotovoltaica) que ser\u00e1 injetado na rede de m\u00e9dia tens\u00e3o da USINA TANDIL. A USINA investir\u00e1 em um Parque Solar escal\u00e1vel, que proporcionar\u00e1 a qualquer usu\u00e1rio com medidor de corrente a possibilidade de adquirir Energia Renov\u00e1vel ADVANCE. &hellip; <\/p>\n<p class=\"link-more\"><a href=\"https:\/\/inforse.org\/latinamerica\/pt\/ecovilas\/\" class=\"more-link\">Continue reading<span class=\"screen-reader-text\"> &#8220;Ecovilas (Argentina)&#8221;<\/span><\/a><\/p>\n","protected":false},"author":2,"featured_media":0,"parent":0,"menu_order":0,"comment_status":"closed","ping_status":"closed","template":"","meta":{"footnotes":""},"_links":{"self":[{"href":"https:\/\/inforse.org\/latinamerica\/wp-json\/wp\/v2\/pages\/485"}],"collection":[{"href":"https:\/\/inforse.org\/latinamerica\/wp-json\/wp\/v2\/pages"}],"about":[{"href":"https:\/\/inforse.org\/latinamerica\/wp-json\/wp\/v2\/types\/page"}],"author":[{"embeddable":true,"href":"https:\/\/inforse.org\/latinamerica\/wp-json\/wp\/v2\/users\/2"}],"replies":[{"embeddable":true,"href":"https:\/\/inforse.org\/latinamerica\/wp-json\/wp\/v2\/comments?post=485"}],"version-history":[{"count":4,"href":"https:\/\/inforse.org\/latinamerica\/wp-json\/wp\/v2\/pages\/485\/revisions"}],"predecessor-version":[{"id":707,"href":"https:\/\/inforse.org\/latinamerica\/wp-json\/wp\/v2\/pages\/485\/revisions\/707"}],"wp:attachment":[{"href":"https:\/\/inforse.org\/latinamerica\/wp-json\/wp\/v2\/media?parent=485"}],"curies":[{"name":"wp","href":"https:\/\/api.w.org\/{rel}","templated":true}]}}