{"id":474,"date":"2023-11-24T01:42:29","date_gmt":"2023-11-24T04:42:29","guid":{"rendered":"https:\/\/inforse.org\/latinamerica\/?page_id=474"},"modified":"2023-11-24T02:42:40","modified_gmt":"2023-11-24T05:42:40","slug":"boletins-informativos","status":"publish","type":"page","link":"https:\/\/inforse.org\/latinamerica\/pt\/boletins-informativos\/","title":{"rendered":"Boletins Informativos"},"content":{"rendered":"<p><strong> INFORSE Am\u00e9rica Latina<br \/>\n \u201cSinergias entre continentes\u201d<\/strong><\/p>\n<p> Em muitos casos, nos pa\u00edses da Am\u00e9rica Latina, as solu\u00e7\u00f5es locais de energia sustent\u00e1vel podem contribuir muito melhor do que as solu\u00e7\u00f5es em grande escala para reduzir a pobreza, aumentar o acesso \u00e0 energia, ajudar a criar meios de subsist\u00eancia nas zonas rurais, aumentar a seguran\u00e7a alimentar com a preserva\u00e7\u00e3o local dos alimentos e a melhoria da sa\u00fade, ao mesmo tempo que ajudando a reduzir o desmatamento e as emiss\u00f5es de gases de efeito estufa.<\/p>\n<p> O Projecto de Solu\u00e7\u00f5es Locais da rede INFORSE centra-se em dois objectivos priorit\u00e1rios alinhados com o contexto anteriormente descrito:<\/p>\n<p> Fortalecer a capacidade das OSC na divulga\u00e7\u00e3o de solu\u00e7\u00f5es locais de energia sustent\u00e1vel<br \/>\n Aumentar a capacidade das OSC para promover energia sustent\u00e1vel e solu\u00e7\u00f5es locais para inclus\u00e3o nos planos clim\u00e1ticos e de desenvolvimento a n\u00edvel nacional, provincial e local.<\/p>\n<p> Com esta interven\u00e7\u00e3o, queremos refor\u00e7ar a capacidade da sociedade para construir uma resposta \u00e0 crise clim\u00e1tica desde as bases, a favor dos mais pobres e inclusivas, o que conduz a uma transi\u00e7\u00e3o para sociedades energeticamente sustent\u00e1veis \u200b\u200be neutras em termos clim\u00e1ticos atrav\u00e9s de solu\u00e7\u00f5es locais.  O projecto aborda o desafio de alcan\u00e7ar uma r\u00e1pida redu\u00e7\u00e3o nas emiss\u00f5es globais de gases com efeito de estufa para cumprir as metas clim\u00e1ticas globais de uma forma que tamb\u00e9m apoie o desenvolvimento para sair da pobreza.<br \/>\n Isto tamb\u00e9m inclui a pobreza energ\u00e9tica, onde as pessoas n\u00e3o t\u00eam acesso adequado a servi\u00e7os energ\u00e9ticos acess\u00edveis.  A interven\u00e7\u00e3o centrar-se-\u00e1 em solu\u00e7\u00f5es locais com utiliza\u00e7\u00e3o sustent\u00e1vel dos recursos locais.  recursos e participa\u00e7\u00e3o local e desenvolvimento de capacidades.<\/p>\n<p> Ao partilhar experi\u00eancias e informa\u00e7\u00f5es sobre estas solu\u00e7\u00f5es entre organiza\u00e7\u00f5es da sociedade civil em diferentes pa\u00edses e continentes, e ao desenvolver e divulgar informa\u00e7\u00f5es sobre os seus benef\u00edcios e como integr\u00e1-los nos planos clim\u00e1ticos e de desenvolvimento, as solu\u00e7\u00f5es podem ser tidas em conta e utilizadas numa escala mais ampla. escala., recebendo mais aten\u00e7\u00e3o e financiamento.  Isto tamb\u00e9m pode aumentar as capacidades das OSC para se envolverem na divulga\u00e7\u00e3o e chamar a aten\u00e7\u00e3o para as valiosas contribui\u00e7\u00f5es que as OSC podem dar na implementa\u00e7\u00e3o.<br \/>\n Espera-se que a interven\u00e7\u00e3o contribua para isso, fortalecendo o quadro global para as OSC que trabalham em prol de solu\u00e7\u00f5es energ\u00e9ticas sustent\u00e1veis \u200b\u200blocais que reduzam a pobreza, em particular no \u00e2mbito da Rede Internacional para a Energia Sustent\u00e1vel (INFORSE).<\/p>\n<p> Esto es de particular importancia en las regiones donde este proyecto se llevar\u00e1 a cabo la intervenci\u00f3n, incluidas las regiones con la mayor proporci\u00f3n de personas sin acceso adecuado a la energ\u00eda b\u00e1sica (Sur de Asia y \u00c1frica al sur del Sahara) y con grandes desigualdades (  Am\u00e9rica Latina).<\/p>\n<p> At\u00e9 ao momento, os membros do projeto t\u00eam intervindo na realiza\u00e7\u00e3o de webinars dirigidos especialmente aos jovens da regi\u00e3o, tanto no planeamento (sele\u00e7\u00e3o do p\u00fablico-alvo, diagrama de calend\u00e1rio, atualiza\u00e7\u00e3o de conhecimentos t\u00e9cnicos e pesquisa e compila\u00e7\u00e3o de material adequado, entrega de resumo do material aos participantes, entre outros) como na execu\u00e7\u00e3o dos webinars virtuais e nas interven\u00e7\u00f5es dos apresentadores em casa um deles.  Posteriormente, foi feito um balan\u00e7o de cada webinar, que foi levado aos participantes e discutido nas reuni\u00f5es de coordena\u00e7\u00e3o dos regionais.  As investiga\u00e7\u00f5es regionais foram monitoradas com especial aten\u00e7\u00e3o ao que foi produzido por organiza\u00e7\u00f5es internacionais.<\/p>\n<p> Tamb\u00e9m estivemos participando do processo de declara\u00e7\u00e3o RCOY 2023, onde solu\u00e7\u00f5es locais em energia distribu\u00edda poderiam ser elaboradas e colocadas na agenda.<\/p>\n<p> No dia 30 de agosto foi publicado um relat\u00f3rio, resultado de mais de um ano de trabalho dos coordenadores da INFORSE internacional, para identificar as mais importantes solu\u00e7\u00f5es locais sustent\u00e1veis \u200b\u200bpara o acesso \u00e0 energia e \u00e0 a\u00e7\u00e3o clim\u00e1tica.  As principais solu\u00e7\u00f5es s\u00e3o:<\/p>\n<p>&#8211; Fog\u00f5es\/queimadores mais eficientes para lenha e carv\u00e3o<br \/>\n&#8211; Fog\u00f5es\/queimadores melhorados de alta efici\u00eancia para lenha<br \/>\n&#8211; Panelas de press\u00e3o el\u00e9tricas de alta efici\u00eancia fabrica\u00e7\u00e3o eficiente de carv\u00e3o<br \/>\n&#8211; Briquetes de biomassa\/res\u00edduos agr\u00edcolas e p\u00f3 de carv\u00e3o<br \/>\n&#8211; Biog\u00e1s em escala dom\u00e9stica<br \/>\n&#8211; Sistemas solares dom\u00e9sticos<br \/>\n&#8211; Minirredes<br \/>\n&#8211; Uso eficiente de luz e eletricidade.<br \/>\n&#8211; Ve\u00edculos el\u00e9tricos de duas rodas (bicicletas, scooters)<br \/>\n&#8211; Ve\u00edculos el\u00e9tricos de tr\u00eas rodas\/transporte local.<br \/>\n&#8211; Secadores solares<\/p>\n<p> Isto n\u00e3o termina aqui, devemos continuar a defender a implementa\u00e7\u00e3o de uma agenda que contemple solu\u00e7\u00f5es locais como pilar fundamental dos planos clim\u00e1ticos.<\/p>\n<p><strong>Veja a publica\u00e7\u00e3o em:<\/strong><br \/>\n<a href=\"https:\/\/inforse.org\/latinamerica\/wp-content\/uploads\/2023\/11\/portugues-ver-4-all-comments-incorporated-Combined-Local-Sustainable-Energy-Solutions-and-policies-text-.pdf\">portugues ver 4 all comments incorporated Combined Local Sustainable Energy Solutions and policies text<\/a> <\/p>\n","protected":false},"excerpt":{"rendered":"<p>INFORSE Am\u00e9rica Latina \u201cSinergias entre continentes\u201d Em muitos casos, nos pa\u00edses da Am\u00e9rica Latina, as solu\u00e7\u00f5es locais de energia sustent\u00e1vel podem contribuir muito melhor do que as solu\u00e7\u00f5es em grande escala para reduzir a pobreza, aumentar o acesso \u00e0 energia, ajudar a criar meios de subsist\u00eancia nas zonas rurais, aumentar a seguran\u00e7a alimentar com a &hellip; <\/p>\n<p class=\"link-more\"><a href=\"https:\/\/inforse.org\/latinamerica\/pt\/boletins-informativos\/\" class=\"more-link\">Continue reading<span class=\"screen-reader-text\"> &#8220;Boletins Informativos&#8221;<\/span><\/a><\/p>\n","protected":false},"author":2,"featured_media":0,"parent":0,"menu_order":0,"comment_status":"closed","ping_status":"closed","template":"","meta":{"footnotes":""},"_links":{"self":[{"href":"https:\/\/inforse.org\/latinamerica\/wp-json\/wp\/v2\/pages\/474"}],"collection":[{"href":"https:\/\/inforse.org\/latinamerica\/wp-json\/wp\/v2\/pages"}],"about":[{"href":"https:\/\/inforse.org\/latinamerica\/wp-json\/wp\/v2\/types\/page"}],"author":[{"embeddable":true,"href":"https:\/\/inforse.org\/latinamerica\/wp-json\/wp\/v2\/users\/2"}],"replies":[{"embeddable":true,"href":"https:\/\/inforse.org\/latinamerica\/wp-json\/wp\/v2\/comments?post=474"}],"version-history":[{"count":4,"href":"https:\/\/inforse.org\/latinamerica\/wp-json\/wp\/v2\/pages\/474\/revisions"}],"predecessor-version":[{"id":546,"href":"https:\/\/inforse.org\/latinamerica\/wp-json\/wp\/v2\/pages\/474\/revisions\/546"}],"wp:attachment":[{"href":"https:\/\/inforse.org\/latinamerica\/wp-json\/wp\/v2\/media?parent=474"}],"curies":[{"name":"wp","href":"https:\/\/api.w.org\/{rel}","templated":true}]}}