{"id":335,"date":"2023-05-22T09:26:23","date_gmt":"2023-05-22T12:26:23","guid":{"rendered":"https:\/\/inforse.org\/latinamerica\/?page_id=335"},"modified":"2024-02-10T12:08:35","modified_gmt":"2024-02-10T15:08:35","slug":"financiamiento","status":"publish","type":"page","link":"https:\/\/inforse.org\/latinamerica\/es\/financiamiento\/","title":{"rendered":"Financiamiento"},"content":{"rendered":"<p><strong>Instituciones y Fondos, presentes en Latinoam\u00e9rica: <\/strong><\/p>\n<p><a href=\"https:\/\/www.iadb.org\/es\">Banco Interamericano de Desarrollo (BID)<\/a>: El BID posee varios fondos y programas destinados a financiar proyectos que promuevan el desarrollo sostenible y la adaptaci\u00f3n al cambio clim\u00e1tico en Am\u00e9rica Latina y el Caribe.<\/p>\n<p>Fondo Multilateral de Inversiones (FOMIN): El FOMIN es un miembro del Grupo Banco Interamericano de Desarrollo, descripto anteriormente, que financia proyectos de desarrollo en Am\u00e9rica Latina y el Caribe en \u00e1reas como energ\u00edas renovables, agricultura sostenible y transporte sostenible.<\/p>\n<p><a href=\"https:\/\/www.caf.com\/\">Corporaci\u00f3n Andina de Fomento (CAF)<\/a>: La CAF financia proyectos en \u00e1reas como energ\u00edas renovables, eficiencia energ\u00e9tica, transporte sostenible y gesti\u00f3n de recursos naturales. Tiene su sede en Caracas y esta presente en varios pa\u00edses de Latinoam\u00e9rica.<\/p>\n<p><a href=\"https:\/\/www.greenclimate.fund\/\">Fondo Verde para el Clima (GCF)<\/a>: El GCF es un fondo establecido por la Convenci\u00f3n Marco de las Naciones Unidas sobre el Cambio Clim\u00e1tico (CMNUCC) para ayudar a los pa\u00edses en desarrollo a mitigar y adaptarse al cambio clim\u00e1tico.<\/p>\n<p><a href=\"https:\/\/www.thegef.org\/\">Fondo para el Medio Ambiente Mundial (GEF):<\/a> El GEF es un fondo multilateral que financia proyectos que promueven la conservaci\u00f3n del medio ambiente y la sostenibilidad en todo el mundo.<\/p>\n<p>Agencia de los Estados Unidos para el Desarrollo Internacional (USAID): La USAID financia proyectos en Am\u00e9rica Latina y el Caribe en \u00e1reas como la gesti\u00f3n de recursos naturales, la mitigaci\u00f3n del cambio clim\u00e1tico y la adaptaci\u00f3n al cambio clim\u00e1tico.<\/p>\n<p><a href=\"https:\/\/www.bancomundial.org\/es\/home\">Banco Mundial<\/a>: El Banco Mundial tiene una serie de iniciativas y programas destinados a promover la sostenibilidad ambiental y la adaptaci\u00f3n al cambio clim\u00e1tico en Am\u00e9rica Latina y el Caribe. Algunos de los proyectos que financi\u00f3 fueron los siguientes; Programa de gesti\u00f3n de residuos s\u00f3lidos en Brasil, Programa de energ\u00eda renovable en M\u00e9xico Programa de reducci\u00f3n de emisiones en Colombia, Programa de adaptaci\u00f3n al cambio clim\u00e1tico en el Caribe Programa de transporte sostenible en Per\u00fa<\/p>\n<p><a href=\"https:\/\/www.ifad.org\/es\/\">Fondo Internacional de Desarrollo Agr\u00edcola (FIDA)<\/a>: El FIDA financia proyectos relacionados con la agricultura sostenible y la gesti\u00f3n de recursos naturales en Am\u00e9rica Latina y el Caribe.<\/p>\n<p><a href=\"https:\/\/european-union.europa.eu\/institutions-law-budget\/institutions-and-bodies\/search-all-eu-institutions-and-bodies\/eib_es\">Banco Europeo de Inversiones (BEI)<\/a>: El BEI financia proyectos en Am\u00e9rica Latina y el Caribe en \u00e1reas como la eficiencia energ\u00e9tica, las energ\u00edas renovables y la infraestructura sostenible.<\/p>\n<p><a href=\"https:\/\/www.bcie.org\/\">Banco Centroamericano de Integraci\u00f3n Econ\u00f3mica (BCIE)<\/a>: Es una instituci\u00f3n financiera multilateral que brinda financiamiento y asistencia t\u00e9cnica a proyectos de desarrollo en Am\u00e9rica Central. Fue fundado en 1960 por Guatemala, Honduras, El Salvador, Nicaragua y Costa Rica, y posteriormente se sum\u00f3 la Rep\u00fablica Dominicana. El BCIE cuenta con diversos programas de financiamiento ambiental y clim\u00e1tico, y ha financiado proyectos en \u00e1reas como energ\u00eda renovable, gesti\u00f3n de residuos, adaptaci\u00f3n al cambio clim\u00e1tico y conservaci\u00f3n de recursos naturales.<\/p>\n","protected":false},"excerpt":{"rendered":"<p>Instituciones y Fondos, presentes en Latinoam\u00e9rica: Banco Interamericano de Desarrollo (BID): El BID posee varios fondos y programas destinados a financiar proyectos que promuevan el desarrollo sostenible y la adaptaci\u00f3n al cambio clim\u00e1tico en Am\u00e9rica Latina y el Caribe. Fondo Multilateral de Inversiones (FOMIN): El FOMIN es un miembro del Grupo Banco Interamericano de Desarrollo, &hellip; <\/p>\n<p class=\"link-more\"><a href=\"https:\/\/inforse.org\/latinamerica\/es\/financiamiento\/\" class=\"more-link\">Continue reading<span class=\"screen-reader-text\"> &#8220;Financiamiento&#8221;<\/span><\/a><\/p>\n","protected":false},"author":2,"featured_media":0,"parent":0,"menu_order":0,"comment_status":"closed","ping_status":"closed","template":"","meta":{"footnotes":""},"_links":{"self":[{"href":"https:\/\/inforse.org\/latinamerica\/wp-json\/wp\/v2\/pages\/335"}],"collection":[{"href":"https:\/\/inforse.org\/latinamerica\/wp-json\/wp\/v2\/pages"}],"about":[{"href":"https:\/\/inforse.org\/latinamerica\/wp-json\/wp\/v2\/types\/page"}],"author":[{"embeddable":true,"href":"https:\/\/inforse.org\/latinamerica\/wp-json\/wp\/v2\/users\/2"}],"replies":[{"embeddable":true,"href":"https:\/\/inforse.org\/latinamerica\/wp-json\/wp\/v2\/comments?post=335"}],"version-history":[{"count":2,"href":"https:\/\/inforse.org\/latinamerica\/wp-json\/wp\/v2\/pages\/335\/revisions"}],"predecessor-version":[{"id":741,"href":"https:\/\/inforse.org\/latinamerica\/wp-json\/wp\/v2\/pages\/335\/revisions\/741"}],"wp:attachment":[{"href":"https:\/\/inforse.org\/latinamerica\/wp-json\/wp\/v2\/media?parent=335"}],"curies":[{"name":"wp","href":"https:\/\/api.w.org\/{rel}","templated":true}]}}