{"id":238,"date":"2023-02-17T00:56:41","date_gmt":"2023-02-17T03:56:41","guid":{"rendered":"https:\/\/inforse.org\/latinamerica\/?page_id=238"},"modified":"2024-02-11T12:29:57","modified_gmt":"2024-02-11T15:29:57","slug":"publicacion-sinergias-es","status":"publish","type":"page","link":"https:\/\/inforse.org\/latinamerica\/es\/publicacion-sinergias-es\/","title":{"rendered":"Publicaci\u00f3n: Sinergias"},"content":{"rendered":"<p><strong><img decoding=\"async\" loading=\"lazy\" class=\"size-medium wp-image-785 alignleft\" src=\"https:\/\/inforse.org\/latinamerica\/wp-content\/uploads\/2024\/02\/PUB_Synergies_SP-212x300.png\" alt=\"Publication Synergies SP\" width=\"212\" height=\"300\" srcset=\"https:\/\/inforse.org\/latinamerica\/wp-content\/uploads\/2024\/02\/PUB_Synergies_SP-212x300.png 212w, https:\/\/inforse.org\/latinamerica\/wp-content\/uploads\/2024\/02\/PUB_Synergies_SP.png 596w\" sizes=\"(max-width: 212px) 100vw, 212px\" \/>INFORSE Latinoamerica \u201cSinergias entre continentes\u201d<\/strong><\/p>\n<p>En muchos casos, en los pa\u00edses de Latinoam\u00e9rica las soluciones locales de energ\u00eda sostenible, pueden contribuir mucho mejor que las soluciones a gran escala para reducir la pobreza, aumentar el acceso a la energ\u00eda, ayudar a crear medios de subsistencia en las zonas rurales, aumentar la seguridad alimentaria con la conservaci\u00f3n local de alimentos y mejorar la salud, al mismo tiempo que contribuye a reducir la deforestaci\u00f3n y las emisiones de gases de efecto invernadero.<\/p>\n<p>El Proyecto de Soluciones Locales de la red INFORSE se centra en dos objetivos prioritarios en l\u00ednea con el contexto descrito previamente:<\/p>\n<p>El fortalecimiento de la capacidad de las OSC en la difusi\u00f3n de soluciones locales de energ\u00eda sostenible<br \/>\nAumentar la capacidad de las OSC para promover energ\u00eda sostenible y soluciones locales para su inclusi\u00f3n en planes clim\u00e1ticos y de desarrollo a nivel nacional, provincial y local.<\/p>\n<p>Queremos con esta intervenci\u00f3n fortalecer la capacidad de la sociedad de construir una respuesta a la crisis clim\u00e1tica desde las bases, en favor de los m\u00e1s pobres e inclusiva, que conduzca a una transici\u00f3n hacia sociedades energ\u00e9ticamente sostenibles y clim\u00e1ticamente neutrales mediante las soluciones locales. El proyecto aborda el desaf\u00edo de lograr una reducci\u00f3n r\u00e1pida de las emisiones de gases de efecto invernadero a nivel mundial, para alcanzar los objetivos clim\u00e1ticos globales de manera que tambi\u00e9n apoyen el desarrollo para salir de la pobreza.<br \/>\nEsto tambi\u00e9n incluye a la pobreza energ\u00e9tica, donde las personas no tienen acceso adecuado a servicios energ\u00e9ticos asequibles. La intervenci\u00f3n se centrar\u00e1 en soluciones locales con uso sostenible de los recursos locales. los recursos y la participaci\u00f3n local y el desarrollo de capacidades.<\/p>\n<p>Al compartir experiencias e informaci\u00f3n sobre estas soluciones entre organizaciones de la sociedad civil en diferentes pa\u00edses y continentes, y desarrollando y difundiendo informaci\u00f3n sobre sus beneficios y c\u00f3mo integrarlos en planes clim\u00e1ticos y de desarrollo, las soluciones pueden ser tenidas en cuenta y utilizadas a mayor escala, recibiendo m\u00e1s atenci\u00f3n y financiaci\u00f3n. Esto tambi\u00e9n puede aumentar las capacidades de las OSC para participar en la difusi\u00f3n y llamar la atenci\u00f3n sobre las valiosas contribuciones que las mismas pueden hacer en la implementaci\u00f3n.<br \/>\nSe espera que la intervenci\u00f3n contribuya a esto fortaleciendo el marco global para las OSC que trabajan por soluciones locales de energ\u00eda sostenible que reducen la pobreza, en particular dentro de la Red Internacional para la Energ\u00eda Sostenible (INFORSE).<\/p>\n<p>Esto es de particular importancia en las regiones donde este proyecto se llevar\u00e1 a cabo la intervenci\u00f3n, incluidas las regiones con la mayor proporci\u00f3n de personas sin acceso adecuado a la energ\u00eda b\u00e1sica (Sur de Asia y \u00c1frica al sur del Sahara) y con grandes desigualdades (Am\u00e9rica Latina).<\/p>\n<p>Hasta el momento los integrantes del proyecto hemos intervenido en la realizaci\u00f3n de webinars dirigidos especialmente a j\u00f3venes de la regi\u00f3n, tanto en la planificaci\u00f3n (selecci\u00f3n de p\u00fablico objetivo, diagrama del calendario, actualizaci\u00f3n del conocimiento t\u00e9cnico e investigaci\u00f3n y recopilaci\u00f3n de material adecuado, entrega de resumen del material a los participantes, entre otras) como en la ejecuci\u00f3n de los webinarios virtuales y las intervenciones de presentadores en casa uno de ellos. Posteriormente se realiz\u00f3 un balance para cada webinario, que fueron acercados a los participantes y tratados en las reuniones de coordinaci\u00f3n de las regionales. Se hizo seguimiento de las investigaciones regionales con particular atenci\u00f3n a lo producido por organismos internacionales.<\/p>\n<p>Tambi\u00e9n, estuvimos participando en el proceso de la declaraci\u00f3n de la RCOY 2023, donde se pudo redactar y poner en agenda las soluciones locales en energ\u00eda distribuida.<\/p>\n<p>El pasado 30 de agosto se public\u00f3 un <strong>informe<\/strong>, resultado de m\u00e1s de un a\u00f1o de trabajo de los coordinadores de INFORSE internacional, para identificar las soluciones locales sostenibles m\u00e1s importantes para el acceso a la energ\u00eda y la acci\u00f3n clim\u00e1tica. Las principales soluciones son:<\/p>\n<p>&#8211; Estufas\/ hornallas mas eficientes para le\u00f1a y carb\u00f3n<br \/>\n&#8211; Estufas\/hornallas mejoradas de alta eficiencia para le\u00f1a<br \/>\n&#8211; Ollas a presi\u00f3n el\u00e9ctricas de alta eficiencia<br \/>\n&#8211; Fabricaci\u00f3n eficiente de carb\u00f3n<br \/>\n&#8211; Briquetas de biomasa\/residuos agr\u00edcolas y polvo de carb\u00f3n vegetal<br \/>\n&#8211; Biog\u00e1s a escala dom\u00e9stica<br \/>\n&#8211; Sistemas solares dom\u00e9sticos<br \/>\n&#8211; Minirredes<br \/>\n&#8211; Uso eficiente de la luz y la electricidad.<br \/>\n&#8211; Veh\u00edculos el\u00e9ctricos de dos ruedas (bicicletas, scooters)<br \/>\n&#8211; Veh\u00edculos el\u00e9ctricos de tres ruedas\/transporte local.<br \/>\n&#8211; Secadores solares<\/p>\n<p>Esto no finaliza ac\u00e1, se debe seguir abogando por la implementaci\u00f3n de una agenda que contemple a las soluciones locales como pilar fundamental de los planes clim\u00e1ticos.<\/p>\n<p><strong>Ver la publicaci\u00f3n a continuaci\u00f3n: <\/strong><\/p>\n<p><a href=\"https:\/\/inforse.org\/latinamerica\/wp-content\/uploads\/2023\/10\/Soluciones-Locales-Propuestas-Para-La-accion-Climatica-y-el-Desarrollo-y-Politicas-Para-Promover-y-Ampliar-las-Soluciones-Locales-de-Energia-Sostenible-text.docx.pdf\">Soluciones Locales Propuestas Para La acci\u00f3n Clim\u00e1tica y el Desarrollo y Pol\u00edticas Para Promover y Ampliar las Soluciones Locales de Energ\u00eda Sostenible text.docx<\/a><\/p>\n","protected":false},"excerpt":{"rendered":"<p>INFORSE Latinoamerica \u201cSinergias entre continentes\u201d En muchos casos, en los pa\u00edses de Latinoam\u00e9rica las soluciones locales de energ\u00eda sostenible, pueden contribuir mucho mejor que las soluciones a gran escala para reducir la pobreza, aumentar el acceso a la energ\u00eda, ayudar a crear medios de subsistencia en las zonas rurales, aumentar la seguridad alimentaria con la &hellip; <\/p>\n<p class=\"link-more\"><a href=\"https:\/\/inforse.org\/latinamerica\/es\/publicacion-sinergias-es\/\" class=\"more-link\">Continue reading<span class=\"screen-reader-text\"> &#8220;Publicaci\u00f3n: Sinergias&#8221;<\/span><\/a><\/p>\n","protected":false},"author":2,"featured_media":0,"parent":0,"menu_order":0,"comment_status":"closed","ping_status":"closed","template":"","meta":{"footnotes":""},"_links":{"self":[{"href":"https:\/\/inforse.org\/latinamerica\/wp-json\/wp\/v2\/pages\/238"}],"collection":[{"href":"https:\/\/inforse.org\/latinamerica\/wp-json\/wp\/v2\/pages"}],"about":[{"href":"https:\/\/inforse.org\/latinamerica\/wp-json\/wp\/v2\/types\/page"}],"author":[{"embeddable":true,"href":"https:\/\/inforse.org\/latinamerica\/wp-json\/wp\/v2\/users\/2"}],"replies":[{"embeddable":true,"href":"https:\/\/inforse.org\/latinamerica\/wp-json\/wp\/v2\/comments?post=238"}],"version-history":[{"count":9,"href":"https:\/\/inforse.org\/latinamerica\/wp-json\/wp\/v2\/pages\/238\/revisions"}],"predecessor-version":[{"id":809,"href":"https:\/\/inforse.org\/latinamerica\/wp-json\/wp\/v2\/pages\/238\/revisions\/809"}],"wp:attachment":[{"href":"https:\/\/inforse.org\/latinamerica\/wp-json\/wp\/v2\/media?parent=238"}],"curies":[{"name":"wp","href":"https:\/\/api.w.org\/{rel}","templated":true}]}}