{"id":232,"date":"2023-02-17T00:56:41","date_gmt":"2023-02-17T03:56:41","guid":{"rendered":"https:\/\/inforse.org\/latinamerica\/?page_id=232"},"modified":"2024-03-14T10:55:21","modified_gmt":"2024-03-14T13:55:21","slug":"inforse-presentation","status":"publish","type":"page","link":"https:\/\/inforse.org\/latinamerica\/es\/inforse-presentation\/","title":{"rendered":"Presentacion INFORSE"},"content":{"rendered":"<p><img decoding=\"async\" loading=\"lazy\" class=\"alignnone wp-image-367\" src=\"https:\/\/inforse.org\/latinamerica\/wp-content\/uploads\/2023\/07\/LOGO-NAHUE-300x99.jpg\" alt=\"INFORSE logo\" width=\"261\" height=\"86\" srcset=\"https:\/\/inforse.org\/latinamerica\/wp-content\/uploads\/2023\/07\/LOGO-NAHUE-300x99.jpg 300w, https:\/\/inforse.org\/latinamerica\/wp-content\/uploads\/2023\/07\/LOGO-NAHUE.jpg 390w\" sizes=\"(max-width: 261px) 100vw, 261px\" \/><br \/>\nINFORSE es una red mundial compuesta por 140 organizaciones no gubernamentales que trabajan en unos 60 pa\u00edses para promover la energ\u00eda sostenible y el desarrollo social.<br \/>\nLa Red fue establecida en R\u00edo de Janeiro en 1992 para asegurar el seguimiento de las pol\u00edticas adoptadas en la Conferencia de las Naciones Unidas sobre el Medio Ambiente y el Desarrollo (CNUMAD) .<br \/>\nINFORSE participa activamente en la concientizaci\u00f3n internacional. INFORSE sigue e influye en los temas de energ\u00eda sostenible en las negociaciones internacionales y est\u00e1 acreditado ante el Consejo Econ\u00f3mico y Social de las Naciones Unidas (ECOSOC) desde 1998 y la Convenci\u00f3n Marco de las Naciones Unidas sobre el Cambio Clim\u00e1tico (CMNUCC) desde 2002.<\/p>\n<p>Como observador, INFORSE ha participado en conferencias de la ONU. INFORSE tambi\u00e9n ha organizado eventos paralelos y exhibiciones en muchas de estas conferencias.<\/p>\n<p>Visi\u00f3n<br \/>\nUn mundo donde los servicios energ\u00e9ticos que son necesarios para un desarrollo justo y centrado en el ser humano, se brinden de manera sostenible utilizando energ\u00edas renovables.<\/p>\n<p>Misi\u00f3n<br \/>\nINFORSE es una red global de organizaciones no gubernamentales independientes que trabajan por soluciones energ\u00e9ticas sostenibles para reducir la pobreza y proteger el medio ambiente.<\/p>\n<p>Objetivos<br \/>\n&#8211; Concientizar y promocionar<br \/>\n&#8211; Desarrollar capacidades a nivel local, nacional e internacional<br \/>\n&#8211; Trabajar por la reforma institucional<br \/>\n&#8211; Apoyar la investigaci\u00f3n y el desarrollo<\/p>\n<p>La version ampliada puede verse en nuestra CARTA DE PRESENTACION a continuacion:\u00a0<a href=\"https:\/\/inforse.org\/latinamerica\/wp-content\/uploads\/2023\/02\/CARTA-BASE-INFORSE-1.docx\">CARTA BASE INFORSE<\/a><\/p>\n<p>B\u00fascanos en <a href=\"https:\/\/www.facebook.com\/INFORSE\/?locale=da_DK\">facebook<\/a> y en <a href=\"https:\/\/twitter.com\/INFORSE_org\">x<\/a><\/p>\n","protected":false},"excerpt":{"rendered":"<p>INFORSE es una red mundial compuesta por 140 organizaciones no gubernamentales que trabajan en unos 60 pa\u00edses para promover la energ\u00eda sostenible y el desarrollo social. La Red fue establecida en R\u00edo de Janeiro en 1992 para asegurar el seguimiento de las pol\u00edticas adoptadas en la Conferencia de las Naciones Unidas sobre el Medio Ambiente &hellip; <\/p>\n<p class=\"link-more\"><a href=\"https:\/\/inforse.org\/latinamerica\/es\/inforse-presentation\/\" class=\"more-link\">Continue reading<span class=\"screen-reader-text\"> &#8220;Presentacion INFORSE&#8221;<\/span><\/a><\/p>\n","protected":false},"author":2,"featured_media":0,"parent":0,"menu_order":0,"comment_status":"closed","ping_status":"closed","template":"","meta":{"footnotes":""},"_links":{"self":[{"href":"https:\/\/inforse.org\/latinamerica\/wp-json\/wp\/v2\/pages\/232"}],"collection":[{"href":"https:\/\/inforse.org\/latinamerica\/wp-json\/wp\/v2\/pages"}],"about":[{"href":"https:\/\/inforse.org\/latinamerica\/wp-json\/wp\/v2\/types\/page"}],"author":[{"embeddable":true,"href":"https:\/\/inforse.org\/latinamerica\/wp-json\/wp\/v2\/users\/2"}],"replies":[{"embeddable":true,"href":"https:\/\/inforse.org\/latinamerica\/wp-json\/wp\/v2\/comments?post=232"}],"version-history":[{"count":10,"href":"https:\/\/inforse.org\/latinamerica\/wp-json\/wp\/v2\/pages\/232\/revisions"}],"predecessor-version":[{"id":1036,"href":"https:\/\/inforse.org\/latinamerica\/wp-json\/wp\/v2\/pages\/232\/revisions\/1036"}],"wp:attachment":[{"href":"https:\/\/inforse.org\/latinamerica\/wp-json\/wp\/v2\/media?parent=232"}],"curies":[{"name":"wp","href":"https:\/\/api.w.org\/{rel}","templated":true}]}}