{"id":205,"date":"2022-12-11T07:13:09","date_gmt":"2022-12-11T10:13:09","guid":{"rendered":"https:\/\/inforse.org\/latinamerica\/?page_id=205"},"modified":"2024-03-19T11:56:28","modified_gmt":"2024-03-19T14:56:28","slug":"inforse-europa-es","status":"publish","type":"page","link":"https:\/\/inforse.org\/latinamerica\/es\/inforse-europa-es\/","title":{"rendered":"INFORSE Europa"},"content":{"rendered":"<p><a href=\"https:\/\/inforse.org\/europe\/\"><img decoding=\"async\" loading=\"lazy\" class=\"alignnone wp-image-616 tama\u00f1o-medio\" src=\"https:\/\/inforse.org\/latinamerica\/wp-content\/uploads \/2024\/01\/INFORSE-Europe_logo-in-globe-300x300.png\" alt=\"INFORSE-Logotipo de Europa\" width=\"300\" height=\"300\" srcset=\"https:\/\/inforse.org\/latinamerica\/wp-content\/uploads\/2024\/01\/INFORSE-Europe_logo-in-globe-300x300.png 300w, https:\/\/inforse.org\/latinamerica\/wp-content\/uploads\/2024\/01\/INFORSE-Europe_logo-in-globe-150x150.png 150w, https:\/\/inforse.org\/latinamerica\/wp-content\/uploads\/2024\/01\/INFORSE-Europe_logo-in-globe-100x100.png 100w, https:\/\/inforse.org\/latinamerica\/wp-content\/uploads\/2024\/01\/INFORSE-Europe_logo-in-globe.png 598w\" sizes=\"(max-width: 300px) 100vw, 300px\" \/><\/a><\/p>\n<p>Enlace: \u00a0<a href=\"https:\/\/inforse.org\/europe\/\">INFORSE.ORG\/EUROPE<\/a><\/p>\n<p>INFORSE Europa \u2013 Enlace\u00a0\u00a0<a href=\"https:\/\/inforse.org\/europe\/\">INFORSE.ORG\/EUROPE<\/a><\/p>\n<p>INFORSE Europa es una de las 7 regiones de la Red Internacional para la Energ\u00eda Sostenible (INFORSE), que es una red mundial de ONG formada en el Foro Global de la Cumbre de la Tierra (CNUMAD) en R\u00edo de Janeiro en 1992.<\/p>\n<p>INFORSE tiene m\u00e1s de 145 organizaciones miembros en todo el mundo y trabaja para la implementaci\u00f3n de soluciones energ\u00e9ticas sostenibles mediante el intercambio de informaci\u00f3n, la creaci\u00f3n de conciencia, la formulaci\u00f3n e implementaci\u00f3n de estrategias y el lobby en foros internacionales.<\/p>\n<p>INFORSE Europa tiene 85 miembros de 35 pa\u00edses, que se detallan en nuestra lista de miembros en l\u00ednea. Desde 2002, INFORSE-Europa funciona como una entidad econ\u00f3mica independiente. Los Estatutos fueron adoptados en 1994 y revisados \u200b\u200ben 2005.<\/p>\n<p>INFORSE trabaja para la implementaci\u00f3n de soluciones energ\u00e9ticas sostenibles a trav\u00e9s del intercambio de informaci\u00f3n, sensibilizaci\u00f3n, formulaci\u00f3n e implementaci\u00f3n de estrategias y lobby en foros internacionales. La red es un lugar de encuentro para las ONG que trabajan a nivel de base, as\u00ed como a nivel nacional, regional e internacional. Todas las organizaciones miembros est\u00e1n unidas en una estrategia com\u00fan para el desarrollo sostenible a largo plazo que elimine gradualmente el uso de energ\u00eda nuclear y f\u00f3sil. INFORSE impulsa la promoci\u00f3n de soluciones energ\u00e9ticas sostenibles (energ\u00eda renovable y eficiencia energ\u00e9tica) que utilizan enfoques descentralizados. Todas las actividades buscan proteger el medio ambiente y lograr el desarrollo reduciendo la pobreza.<\/p>\n<p><strong>Estructura de INFORSE Europa:<\/strong><br \/>\nLos miembros de INFORSE-Europa eligen al Coordinador y a la Junta Directiva de la organizaci\u00f3n en las Asambleas Generales. Todas las actividades se llevan a cabo de acuerdo con los estatutos de INFORSE-Europa y los estatutos de INFORSE. Los Estatutos fueron adoptados en la Asamblea General de 1994 y modificados en 2005.<\/p>\n<p><strong>Coordinadores regionales:<\/strong> INFORSE Red Internacional para la Energ\u00eda Sostenible OVE, att. Gunnar Boye Olesen, Dinamarca<\/p>\n<p><strong>Lobby en la pol\u00edtica de la UE:<\/strong> INFORSE Europe est\u00e1 registrado en el sistema de registro de transparencia de la UE y revisa las pol\u00edticas energ\u00e9ticas y clim\u00e1ticas de la UE, publica y se suma a informes de pol\u00edticas basados en las aportaciones de los miembros, p. directivas sobre dise\u00f1o ecol\u00f3gico, etiquetado energ\u00e9tico, energ\u00edas renovables y eficiencia energ\u00e9tica.<\/p>\n<p><strong>DIERET:<\/strong> INFORSE cre\u00f3 la Educaci\u00f3n a Distancia por Internet, que ofrece cursos de autoformaci\u00f3n sobre energ\u00edas renovables en ingl\u00e9s, ruso, eslovaco y ucraniano.<\/p>\n<p><strong>Actividades de INFORSE:<\/strong><br \/>\nINFORSE Europa ha sido asociado de campa\u00f1a de la Iniciativa de la Campa\u00f1a Europea de Energ\u00eda Sostenible de la UE. INFORSE particip\u00f3 en la Primera Conferencia de la Campa\u00f1a en 2005 (revisi\u00f3n), en la Semana de la Energ\u00eda Sostenible en 2007 y expuso en EUSEW 2008, Bruselas, del 28 de enero al 1 de febrero de 2008. INFORSE Europa organiz\u00f3 un evento para la Semana de la Energ\u00eda Sostenible ( EUSEW&#8217;09) en febrero de 2009 y en EUSEW 2011. Lea m\u00e1s sobre la campa\u00f1a EU SE.<\/p>\n<p>INFORSE Sinergias en todos los continentes Proyecto de cooperaci\u00f3n de la red global de ONG en \u00c1frica oriental y occidental, Asia meridional y Am\u00e9rica Latina. Soluciones locales propuestas para la acci\u00f3n y el desarrollo clim\u00e1tico y pol\u00edticas para promover y ampliar soluciones locales de energ\u00eda sostenible en 2022-2023. Ver m\u00e1s <a href=\"http:\/\/inforse.org\/synergies.php\">aqu\u00ed<\/a>.<\/p>\n<p>INFORSE Europa Expuso y\/u organiz\u00f3 eventos paralelos solo o junto con otras ONG en los \u00faltimos a\u00f1os, incluidos: EUSEW 2023, EUSEW 2022, EUSEW 2020; EUSEW 2019 &amp; EDD 2019; EUSEW 2018, Bruselas (programa del evento EUSEW\u201918, pdf); EUSEW 2013, Bruselas (EUSEW\u201913); Semana Verde de la UE, mayo de 2011, Bruselas (GW&#8217;11); Semana Verde de la UE 2009, Bruselas (GW&#8217;09); EUSEW 2008, Bruselas, (EUSEW&#8217;08); Reuni\u00f3n de Ministros de Medio Ambiente, Exposici\u00f3n en cooperaci\u00f3n con NN\/SPARE, Belgrado, 2007 (Belgrado\u00b407); RENEXPO, 2006, Augsburgo, Alemania. (RENEXPO&#8217;06); Semana Verde de la UE, 29 de mayo al 3 de junio de 2005, Bruselas, B\u00e9lgica. (GW&#8217;05); D\u00edas Mundiales de la Energ\u00eda Sostenible, Wels, Austria, 2005 (Wels&#8217;05); Conferencia Bonn Renewables 2004, Exposici\u00f3n junto con CURES (Bonn\u00b404).<\/p>\n<p>INFORSE tiene estatus consultivo ante el ECOSOC de las Naciones Unidas (desde 1998) y la CMNUCC (desde 2002). Se preparan comentarios, talleres, declaraciones y exposiciones para varios eventos ministeriales o de las Naciones Unidas y sus foros paralelos de ONG, entre ellos:<\/p>\n<ul>\n<li>Conferencias sobre el clima:\n<ul>\n<li>COP28<\/li>\n<li>SB 58 de junio de 2023, Bonn, Alemania<\/li>\n<li>COP27 2022 Egipto<\/li>\n<li>SB56, junio de 2022, Bonn, Alemania<\/li>\n<li>COP26 2021 Glasgow, Reino Unido<\/li>\n<li>Di\u00e1logo sobre el clima de la CMNUCC 2020 (virtual)<\/li>\n<li>COP 25 2019 Madrid<\/li>\n<li>COP24 2018 Katowice<\/li>\n<li>SB48 2018, Bonn, Alemania<\/li>\n<li>COP23 2017 Fiyi\/Bonn<\/li>\n<li>COP22 2016<\/li>\n<li>SB44 Bonn 2016<\/li>\n<li>COP21 Par\u00eds 2015<\/li>\n<li>SBI42 Bonn 2015<\/li>\n<li>COP20 Lima 2014<\/li>\n<li>COP19 Varsovia 2013<\/li>\n<li>COP18 Doha, Catar 2012<\/li>\n<li>COP17 Sud\u00e1frica 2011<\/li>\n<li>COP16 Canc\u00fan 2010<\/li>\n<li>COP15 Copenhague 2009<\/li>\n<li>COP14 Poznan 2008<\/li>\n<li>COP13 Bali 2007<\/li>\n<\/ul>\n<\/li>\n<li>FPAN de la ONU julio de 2020 (virtual)<\/li>\n<li>R\u00edo+20, junio de 2012<\/li>\n<li>Grupos de trabajo de la CEPE sobre medio ambiente y energ\u00eda sostenible en Ginebra.<\/li>\n<li>Seguimiento de las Conferencias de R\u00edo, Proceso de la CDS de la ONU. (CSD15 Nueva York 2007 y CSD14 Nueva York en 2006, CSD9 Nueva York, Foro de la CMDS y la Sociedad Civil, Johannesburgo, 2002)<\/li>\n<li>Seguimiento de la Conferencia de Johannesburgo (Bonn 2004, Beijing 2005)<\/li>\n<li>Reuni\u00f3n de Ministros Europeos de Medio Ambiente Aarhus \u00b498 (organizadores locales de ONG), (Belgrado 2005)<\/li>\n<li>V Congreso Internacional sobre Educaci\u00f3n de Adultos 97, (Budapest 2006)<\/li>\n<li>Cumbre Solar Mundial de la UNESCO 1996<\/li>\n<li>Cumbre Mundial sobre Desarrollo Social 1995<\/li>\n<\/ul>\n<p>Encuentre m\u00e1s informaci\u00f3n en el sitio web de <a href=\"https:\/\/inforse.org\/europe\/\">INFORSE-Europe<\/a> y nuestra base de datos de miembros aqu\u00ed y nuestra base de datos de contactos <a href=\"https:\/\/inforse.org\/europe\/contactlist.php3\">aqu\u00ed<\/a>.<\/p>\n<p>Si desea apoyar nuestro trabajo de sostenibilidad en Europa, puede marcar la diferencia <a href=\"https:\/\/www.inforse.org\/order_form.php3\">aqu\u00ed<\/a>.<\/p>\n<p><a href=\"https:\/\/www.facebook.com\/INFORSE_EU\"><img decoding=\"async\" loading=\"lazy\" class=\"alignnone wp-image-1185\" src=\"https:\/\/inforse.org\/latinamerica\/wp-content\/uploads\/2024\/03\/Facebook_icon.svg_-2-300x300.png\" alt=\"\" width=\"50\" height=\"50\" srcset=\"https:\/\/inforse.org\/latinamerica\/wp-content\/uploads\/2024\/03\/Facebook_icon.svg_-2-300x300.png 300w, https:\/\/inforse.org\/latinamerica\/wp-content\/uploads\/2024\/03\/Facebook_icon.svg_-2-1024x1024.png 1024w, https:\/\/inforse.org\/latinamerica\/wp-content\/uploads\/2024\/03\/Facebook_icon.svg_-2-150x150.png 150w, https:\/\/inforse.org\/latinamerica\/wp-content\/uploads\/2024\/03\/Facebook_icon.svg_-2-768x768.png 768w, https:\/\/inforse.org\/latinamerica\/wp-content\/uploads\/2024\/03\/Facebook_icon.svg_-2-1536x1536.png 1536w, https:\/\/inforse.org\/latinamerica\/wp-content\/uploads\/2024\/03\/Facebook_icon.svg_-2-100x100.png 100w, https:\/\/inforse.org\/latinamerica\/wp-content\/uploads\/2024\/03\/Facebook_icon.svg_-2.png 2048w\" sizes=\"(max-width: 50px) 100vw, 50px\" \/><\/a> <a href=\"https:\/\/twitter.com\/INFORSE_EU\"><img decoding=\"async\" loading=\"lazy\" class=\"alignnone wp-image-1180\" src=\"https:\/\/inforse.org\/latinamerica\/wp-content\/uploads\/2024\/03\/twitter_x_new_logo_x_rounded_icon_256078-300x219.png\" alt=\"\" width=\"68\" height=\"50\" srcset=\"https:\/\/inforse.org\/latinamerica\/wp-content\/uploads\/2024\/03\/twitter_x_new_logo_x_rounded_icon_256078-300x219.png 300w, https:\/\/inforse.org\/latinamerica\/wp-content\/uploads\/2024\/03\/twitter_x_new_logo_x_rounded_icon_256078.png 512w\" sizes=\"(max-width: 68px) 100vw, 68px\" \/><\/a><\/p>\n","protected":false},"excerpt":{"rendered":"<p>Enlace: \u00a0INFORSE.ORG\/EUROPE INFORSE Europa \u2013 Enlace\u00a0\u00a0INFORSE.ORG\/EUROPE INFORSE Europa es una de las 7 regiones de la Red Internacional para la Energ\u00eda Sostenible (INFORSE), que es una red mundial de ONG formada en el Foro Global de la Cumbre de la Tierra (CNUMAD) en R\u00edo de Janeiro en 1992. INFORSE tiene m\u00e1s de 145 organizaciones miembros &hellip; <\/p>\n<p class=\"link-more\"><a href=\"https:\/\/inforse.org\/latinamerica\/es\/inforse-europa-es\/\" class=\"more-link\">Continue reading<span class=\"screen-reader-text\"> &#8220;INFORSE Europa&#8221;<\/span><\/a><\/p>\n","protected":false},"author":4,"featured_media":0,"parent":0,"menu_order":0,"comment_status":"closed","ping_status":"closed","template":"","meta":{"footnotes":""},"_links":{"self":[{"href":"https:\/\/inforse.org\/latinamerica\/wp-json\/wp\/v2\/pages\/205"}],"collection":[{"href":"https:\/\/inforse.org\/latinamerica\/wp-json\/wp\/v2\/pages"}],"about":[{"href":"https:\/\/inforse.org\/latinamerica\/wp-json\/wp\/v2\/types\/page"}],"author":[{"embeddable":true,"href":"https:\/\/inforse.org\/latinamerica\/wp-json\/wp\/v2\/users\/4"}],"replies":[{"embeddable":true,"href":"https:\/\/inforse.org\/latinamerica\/wp-json\/wp\/v2\/comments?post=205"}],"version-history":[{"count":12,"href":"https:\/\/inforse.org\/latinamerica\/wp-json\/wp\/v2\/pages\/205\/revisions"}],"predecessor-version":[{"id":1217,"href":"https:\/\/inforse.org\/latinamerica\/wp-json\/wp\/v2\/pages\/205\/revisions\/1217"}],"wp:attachment":[{"href":"https:\/\/inforse.org\/latinamerica\/wp-json\/wp\/v2\/media?parent=205"}],"curies":[{"name":"wp","href":"https:\/\/api.w.org\/{rel}","templated":true}]}}