{"id":202,"date":"2022-12-11T07:12:02","date_gmt":"2022-12-11T10:12:02","guid":{"rendered":"https:\/\/inforse.org\/latinamerica\/?page_id=202"},"modified":"2024-03-19T11:51:19","modified_gmt":"2024-03-19T14:51:19","slug":"inforse-asia-es","status":"publish","type":"page","link":"https:\/\/inforse.org\/latinamerica\/es\/inforse-asia-es\/","title":{"rendered":"INFORSE Asia"},"content":{"rendered":"<p><a href=\"http:\/\/www.inforse.org\/asia\/\"><img decoding=\"async\" loading=\"lazy\" class=\"alignnone wp-image-631 tama\u00f1o-medio\" src=\"https:\/\/inforse.org\/latinamerica\/wp-content \/uploads\/2024\/01\/INFORSE-Asia-logo-300x66.jpg\" alt=\"INFORSE-Asia\" width=\"300\" height=\"66\" srcset=\"https:\/\/inforse.org\/latinamerica\/wp-content\/uploads\/2024\/01\/INFORSE-Asia-logo-300x66.jpg 300w, https:\/\/inforse.org\/latinamerica\/wp-content\/uploads\/2024\/01\/INFORSE-Asia-logo.jpg 494w\" sizes=\"(max-width: 300px) 100vw, 300px\" \/><\/a><\/p>\n<p>Enlace: <a href=\"https:\/\/inforse.org\/asia\/\">INFORSE.ORG\/ASIA<\/a><\/p>\n<p><span style=\"color: #000000;\">IN<\/span>FOR<span style=\"color: #000000;\">SE Asia Meridional e INFORSE Asia Oriental <\/span><span style=\"color: #000000;\">son dos de las 7 regiones de la Red Internacional para la Energ\u00eda Sostenible (INFORSE), que es una red mundial de ONG formada en el Foro Global de R\u00edo en 1992.<\/span><\/p>\n<p>INFORSE trabaja para la implementaci\u00f3n de soluciones energ\u00e9ticas sostenibles a trav\u00e9s del intercambio de informaci\u00f3n, sensibilizaci\u00f3n, formulaci\u00f3n e implementaci\u00f3n de estrategias y lobby en foros internacionales. La red es un lugar de encuentro para las ONG que trabajan a nivel de base, as\u00ed como a nivel nacional, regional e internacional. Todas las organizaciones miembros est\u00e1n unidas en una estrategia com\u00fan para el desarrollo sostenible a largo plazo que elimine gradualmente el uso de energ\u00eda nuclear y f\u00f3sil. INFORSE impulsa la promoci\u00f3n de soluciones energ\u00e9ticas sostenibles (energ\u00eda renovable y eficiencia energ\u00e9tica) que utilizan enfoques descentralizados. Todas las actividades buscan proteger el medio ambiente y lograr el desarrollo reduciendo la pobreza.<\/p>\n<p><strong>Estructura: <\/strong><span style=\"color: #000000;\">Las organizaciones miembros y los Coordinadores Regionales organizan reuniones regionales y otras actividades de INFORSE.<\/span> <span style=\"color: #000000;\">Las reuniones regionales son la base de la estructura democr\u00e1tica de la red.<\/span> <span style=\"color: #000000;\">Los Coordinadores est\u00e1n trabajando en los planes de acci\u00f3n regionales, asegurando puntos focales regionales de INFORSE y coordinar con otras regiones de INFORSE.<\/span> En pa\u00edses con actividades y\/o miembros sustanciales de INFORSE, se eligen puntos focales nacionales.<\/p>\n<p><strong>Actividades en Asia:<\/strong><br \/>\n&#8211; INFORSE Sinergias en todos los continentes Proyecto de cooperaci\u00f3n de la red global de ONG en \u00c1frica oriental y occidental, Asia meridional y Am\u00e9rica Latina. Soluciones locales propuestas para la acci\u00f3n y el desarrollo clim\u00e1tico y pol\u00edticas para promover y ampliar soluciones locales de energ\u00eda sostenible en 2022-2023. Ver m\u00e1s <a href=\"http:\/\/inforse.org\/synergies.php\">aqu\u00ed<\/a>.<br \/>\n&#8211; Los proyectos de cooperaci\u00f3n de ONG sobre &#8220;desarrollo de aldeas ecol\u00f3gicas&#8221; en el sur de Asia (India, Nepal, Bangladesh, Sri Lanka) en 2015-2022.<br \/>\n&#8211; El proyecto de cooperaci\u00f3n de ONG &#8220;Abogac\u00eda basada en evidencia, baja emisi\u00f3n de carbono y a favor de los pobres sobre el desarrollo sostenible de ecoaldeas&#8221; (EVD) re\u00fane a varios miembros de INFORSE de Bangladesh, India, Nepal y Sri Lanka, adem\u00e1s de incluir la cooperaci\u00f3n con la CAN. -Asia del Sur en 2015-2018.<br \/>\n&#8211; El proyecto de cooperaci\u00f3n de ONG &#8220;Promoci\u00f3n de estrategias bajas en carbono en favor de los pobres&#8221; reuni\u00f3 a varias organizaciones INFORSE y organizaciones CAN en 2014-2016.<br \/>\n&#8211; El Proyecto de Creaci\u00f3n de Capacidades de Voces del Sur para el Cambio Clim\u00e1tico involucr\u00f3 a varios miembros de INFORSE en el sur de Asia en 2011-2014.<br \/>\n&#8211; El Proyecto de Creaci\u00f3n de Capacidades de ONG para Soluciones Energ\u00e9ticas Sostenibles para Reducir la Pobreza en el Sur de Asia fue la actividad INFORSE m\u00e1s grande en Asia e involucr\u00f3 a miembros de Bangladesh, India, Nepal y Sri Lanka en 2005-08. Uno de los mayores resultados es un Manual de Soluciones.<br \/>\n&#8211; La educaci\u00f3n a distancia por Internet sobre tecnolog\u00edas de energ\u00edas renovables fue desarrollada por INFORSE-Asia del Sur en cooperaci\u00f3n con INFORSE Europa. Los cursos se impartieron entre 2000 y 2010.<\/p>\n<p><strong>Coordinadores regionales:<\/strong><br \/>\n<span style=\"text-decoration: underline;\">Asia Oriental y el Pac\u00edfico:<\/span> Instituto de Pol\u00edticas Energ\u00e9ticas Sostenibles (ISEP), att. Tetsunari Iida, Eric Martinot, Jap\u00f3n<\/p>\n<p><span style=\"text-decoration: underline;\">Asia Meridional:<\/span> Asociaci\u00f3n Integrada de Energ\u00eda Sostenible y Desarrollo Ecol\u00f3gico (INSEDA), att. Raymond Myles, Ashok Zutshi Sanjiv Nathan, Jagdeep Sharma, India<\/p>\n<p><strong>INFORSE Asia participa en las actividades globales de INFORSE:<\/strong><br \/>\nINFORSE tiene estatus consultivo en el ECOSOC de las Naciones Unidas y en la CMNUCC. Se preparan comentarios, talleres, declaraciones y exposiciones para varios eventos ministeriales o de las Naciones Unidas y sus foros paralelos de ONG, entre ellos:<\/p>\n<ul>\n<li>Conferencias sobre el clima (CMNUCC)<\/li>\n<li>INFORSE en las Conferencias sobre el Clima, Proceso de la CMNUCC desde el &#8217;95 (COP26, COP25, COP24, COP 23, COP 22, COP21, COP20, COP19, COP18, COP17, COP16, COP15, COP14)<\/li>\n<li>Seguimiento de las Conferencias de R\u00edo, el Proceso de la CDS de la ONU y los ODS.<br \/>\n(HLPF2020 y HLPF 2021, R\u00edo+20, CDS 14, CDS 15, CDS9 Nueva York, CMDS y Foro de la Sociedad Civil, Johannesburgo, 2002)<\/li>\n<li>Seguimiento de la Conferencia de Johannesburgo (Bonn, 2004)<\/li>\n<li>Reuni\u00f3n de Ministros Europeos de Medio Ambiente en 1998<\/li>\n<li>V Conferencia Internacional sobre Educaci\u00f3n de Adultos en 1997<\/li>\n<li>Cumbre Mundial sobre Desarrollo Social en 1995<\/li>\n<\/ul>\n<p>Encuentre m\u00e1s informaci\u00f3n en el sitio web de <a href=\"https:\/\/inforse.org\/asia\/\">INFORSE-Asia<\/a> y nuestra base de datos de miembros <a href=\"https:\/\/inforse.org\/asia\/membership.php3\">aqu\u00ed<\/a> y nuestra base de datos de contactos <a href=\"https:\/\/inforse.org\/asia\/contactlist.php3\">aqu\u00ed<\/a>.<\/p>\n<p>Si quieres apoyar nuestro trabajo de sostenibilidad en Asia, puedes marcar la diferencia <a href=\"https:\/\/www.inforse.org\/order_form.php3\">aqu\u00ed<\/a>.<\/p>\n<p><a href=\"https:\/\/www.facebook.com\/INFORSE.SouthAsia\"><img decoding=\"async\" loading=\"lazy\" class=\"alignnone wp-image-1183\" src=\"https:\/\/inforse.org\/latinamerica\/wp-content\/uploads\/2024\/03\/Facebook_icon.svg_-1-300x300.png\" alt=\"\" width=\"40\" height=\"40\" srcset=\"https:\/\/inforse.org\/latinamerica\/wp-content\/uploads\/2024\/03\/Facebook_icon.svg_-1-300x300.png 300w, https:\/\/inforse.org\/latinamerica\/wp-content\/uploads\/2024\/03\/Facebook_icon.svg_-1-1024x1024.png 1024w, https:\/\/inforse.org\/latinamerica\/wp-content\/uploads\/2024\/03\/Facebook_icon.svg_-1-150x150.png 150w, https:\/\/inforse.org\/latinamerica\/wp-content\/uploads\/2024\/03\/Facebook_icon.svg_-1-768x768.png 768w, https:\/\/inforse.org\/latinamerica\/wp-content\/uploads\/2024\/03\/Facebook_icon.svg_-1-1536x1536.png 1536w, https:\/\/inforse.org\/latinamerica\/wp-content\/uploads\/2024\/03\/Facebook_icon.svg_-1-100x100.png 100w, https:\/\/inforse.org\/latinamerica\/wp-content\/uploads\/2024\/03\/Facebook_icon.svg_-1.png 2048w\" sizes=\"(max-width: 40px) 100vw, 40px\" \/><\/a><\/p>\n","protected":false},"excerpt":{"rendered":"<p>Enlace: INFORSE.ORG\/ASIA INFORSE Asia Meridional e INFORSE Asia Oriental son dos de las 7 regiones de la Red Internacional para la Energ\u00eda Sostenible (INFORSE), que es una red mundial de ONG formada en el Foro Global de R\u00edo en 1992. INFORSE trabaja para la implementaci\u00f3n de soluciones energ\u00e9ticas sostenibles a trav\u00e9s del intercambio de informaci\u00f3n, &hellip; <\/p>\n<p class=\"link-more\"><a href=\"https:\/\/inforse.org\/latinamerica\/es\/inforse-asia-es\/\" class=\"more-link\">Continue reading<span class=\"screen-reader-text\"> &#8220;INFORSE Asia&#8221;<\/span><\/a><\/p>\n","protected":false},"author":4,"featured_media":0,"parent":0,"menu_order":0,"comment_status":"closed","ping_status":"closed","template":"","meta":{"footnotes":""},"_links":{"self":[{"href":"https:\/\/inforse.org\/latinamerica\/wp-json\/wp\/v2\/pages\/202"}],"collection":[{"href":"https:\/\/inforse.org\/latinamerica\/wp-json\/wp\/v2\/pages"}],"about":[{"href":"https:\/\/inforse.org\/latinamerica\/wp-json\/wp\/v2\/types\/page"}],"author":[{"embeddable":true,"href":"https:\/\/inforse.org\/latinamerica\/wp-json\/wp\/v2\/users\/4"}],"replies":[{"embeddable":true,"href":"https:\/\/inforse.org\/latinamerica\/wp-json\/wp\/v2\/comments?post=202"}],"version-history":[{"count":18,"href":"https:\/\/inforse.org\/latinamerica\/wp-json\/wp\/v2\/pages\/202\/revisions"}],"predecessor-version":[{"id":1215,"href":"https:\/\/inforse.org\/latinamerica\/wp-json\/wp\/v2\/pages\/202\/revisions\/1215"}],"wp:attachment":[{"href":"https:\/\/inforse.org\/latinamerica\/wp-json\/wp\/v2\/media?parent=202"}],"curies":[{"name":"wp","href":"https:\/\/api.w.org\/{rel}","templated":true}]}}