{"id":200,"date":"2022-12-11T07:11:06","date_gmt":"2022-12-11T10:11:06","guid":{"rendered":"https:\/\/inforse.org\/latinamerica\/?page_id=200"},"modified":"2024-03-19T11:50:33","modified_gmt":"2024-03-19T14:50:33","slug":"inforse-africa-es","status":"publish","type":"page","link":"https:\/\/inforse.org\/latinamerica\/es\/inforse-africa-es\/","title":{"rendered":"INFORSE Africa"},"content":{"rendered":"<p>&nbsp;<\/p>\n<p><a href=\"https:\/\/inforse.org\/africa\/\"><img decoding=\"async\" loading=\"lazy\" class=\"alignnone size-full wp-image-1140\" src=\"https:\/\/inforse.org\/latinamerica\/wp-content\/uploads\/2024\/03\/INFORSE-Africa-logo-300x66-2.jpg\" alt=\"\" width=\"300\" height=\"66\" \/><\/a><\/p>\n<p>Enlace: <a href=\"https:\/\/www.inforse.org\/africa\/\">INFORSE.ORG\/AFRICA<\/a><\/p>\n<p>INFORSE \u00c1frica es una de las 7 regiones de la Red Internacional para la Energ\u00eda Sostenible (INFORSE). Esta red mundial de ONG se form\u00f3 en el Foro Global de R\u00edo en 1992. INFORSE tiene m\u00e1s de 140 organizaciones miembros en todo el mundo.<\/p>\n<p>INFORSE trabaja para la implementaci\u00f3n de soluciones energ\u00e9ticas sostenibles a trav\u00e9s del intercambio de informaci\u00f3n, sensibilizaci\u00f3n, formulaci\u00f3n e implementaci\u00f3n de estrategias y lobby en foros internacionales. La red es un lugar de encuentro para las ONG que trabajan a nivel de base, as\u00ed como a nivel nacional, regional e internacional. Todas las organizaciones miembros est\u00e1n unidas en una estrategia com\u00fan para el desarrollo sostenible a largo plazo que elimine gradualmente el uso de energ\u00eda nuclear y f\u00f3sil. INFORSE impulsa la promoci\u00f3n de soluciones energ\u00e9ticas sostenibles (energ\u00eda renovable y eficiencia energ\u00e9tica) que utilizan enfoques descentralizados. Todas las actividades buscan proteger el medio ambiente y lograr el desarrollo reduciendo la pobreza.<\/p>\n<p><strong>Actividades de INFORSE<\/strong><br \/>\n&#8211; INFORSE Sinergias en todos los continentes Proyecto de cooperaci\u00f3n de la red global de ONG en \u00c1frica oriental y occidental, Asia meridional y Am\u00e9rica Latina. Soluciones locales propuestas para la acci\u00f3n y el desarrollo clim\u00e1tico y pol\u00edticas para promover y ampliar soluciones locales de energ\u00eda sostenible en 2022-2023. Ver m\u00e1s <a href=\"http:\/\/inforse.org\/synergies.php\">aqu\u00ed<\/a>.<br \/>\n&#8211; Proyecto de cooperaci\u00f3n con ONG &#8220;Sociedad civil de \u00c1frica Oriental para la energ\u00eda sostenible y la acci\u00f3n clim\u00e1tica (EASE-CA)&#8221; en 2019 &#8211; 2022.<br \/>\n&#8211; El proyecto de cooperaci\u00f3n de ONG &#8220;Acelerar la implementaci\u00f3n de pol\u00edticas regionales sobre energ\u00eda limpia en \u00c1frica occidental&#8221; (ACE-WA) re\u00fane a varios miembros de INFORSE de \u00c1frica occidental en 2016 &#8211; 2018.<br \/>\n&#8211; El proyecto de cooperaci\u00f3n de ONG &#8220;Promoci\u00f3n de la implementaci\u00f3n del Acuerdo de Par\u00eds en \u00c1frica Oriental&#8221; (PIPA) re\u00fane a varios miembros de INFORSE de \u00c1frica Oriental en 2017 &#8211; 2018.<br \/>\n&#8211; El Proyecto de cooperaci\u00f3n de ONG &#8220;Promoci\u00f3n de estrategias bajas en carbono a favor de los pobres&#8221; reuni\u00f3 a varias organizaciones INFORSE y organizaciones de la CAN en 2014-2016.<br \/>\n&#8211; El Proyecto de Creaci\u00f3n de Capacidades de Voces del Sur para el Cambio Clim\u00e1tico involucr\u00f3 a varios miembros de INFORSE en 2011-2014.<\/p>\n<p><strong>Coordinadores regionales:<\/strong><br \/>\n<span style=\"text-decoration: underline;\">INFORSE \u00c1frica Oriental:<\/span><br \/>\nOrganizaci\u00f3n de Medio Ambiente y Desarrollo de Energ\u00eda Tradicional de Tanzania (TaTEDO), att. Estomih N. Sawe, Mary Swai, Jensen Shuma, Tanzania<\/p>\n<p><span style=\"text-decoration: underline;\">INFORSE \u00c1frica Occidental:<\/span><br \/>\nEnda-Energie-Environnement-D\u00e9veloppement (Enda), att. Secou Sarr, Djimingue Nanasta, Senegal<\/p>\n<p><strong>INFORSE \u00c1frica participa en las actividades globales de INFORSE:<\/strong><br \/>\nINFORSE tiene estatus consultivo ante el ECOSOC de las Naciones Unidas y la CMNUCC. Se preparan comentarios, talleres, declaraciones y exposiciones para varios eventos ministeriales o de las Naciones Unidas y sus foros paralelos de ONG, incluidas conferencias sobre el clima y cumbres mundiales.<\/p>\n<p>Encuentre m\u00e1s informaci\u00f3n en el sitio web de <a href=\"https:\/\/inforse.org\/africa\/\">INFORSE-Africa<\/a> y la base de datos de miembros <a href=\"https:\/\/inforse.org\/africa\/membership.php3\">aqu\u00ed<\/a> y la base de datos de contacto <a href=\"https:\/\/inforse.org\/africa\/contactlist.php3\">aqu\u00ed<\/a>.<\/p>\n<p>Si desea apoyar nuestro trabajo de sostenibilidad en \u00c1frica, puede marcar la diferencia <a href=\"https:\/\/www.inforse.org\/order_form.php3\">aqu\u00ed<\/a>.<\/p>\n<p><a href=\"https:\/\/www.facebook.com\/eastinforse\/\"><img decoding=\"async\" loading=\"lazy\" class=\"alignnone wp-image-1178\" src=\"https:\/\/inforse.org\/latinamerica\/wp-content\/uploads\/2024\/03\/Facebook_icon.svg_-300x300.png\" alt=\"\" width=\"41\" height=\"41\" srcset=\"https:\/\/inforse.org\/latinamerica\/wp-content\/uploads\/2024\/03\/Facebook_icon.svg_-300x300.png 300w, https:\/\/inforse.org\/latinamerica\/wp-content\/uploads\/2024\/03\/Facebook_icon.svg_-1024x1024.png 1024w, https:\/\/inforse.org\/latinamerica\/wp-content\/uploads\/2024\/03\/Facebook_icon.svg_-150x150.png 150w, https:\/\/inforse.org\/latinamerica\/wp-content\/uploads\/2024\/03\/Facebook_icon.svg_-768x768.png 768w, https:\/\/inforse.org\/latinamerica\/wp-content\/uploads\/2024\/03\/Facebook_icon.svg_-1536x1536.png 1536w, https:\/\/inforse.org\/latinamerica\/wp-content\/uploads\/2024\/03\/Facebook_icon.svg_-100x100.png 100w, https:\/\/inforse.org\/latinamerica\/wp-content\/uploads\/2024\/03\/Facebook_icon.svg_.png 2048w\" sizes=\"(max-width: 41px) 100vw, 41px\" \/><\/a> <a href=\"https:\/\/twitter.com\/eastINFORSE\"><img decoding=\"async\" loading=\"lazy\" class=\"alignnone wp-image-1180\" src=\"https:\/\/inforse.org\/latinamerica\/wp-content\/uploads\/2024\/03\/twitter_x_new_logo_x_rounded_icon_256078-300x219.png\" alt=\"\" width=\"55\" height=\"40\" srcset=\"https:\/\/inforse.org\/latinamerica\/wp-content\/uploads\/2024\/03\/twitter_x_new_logo_x_rounded_icon_256078-300x219.png 300w, https:\/\/inforse.org\/latinamerica\/wp-content\/uploads\/2024\/03\/twitter_x_new_logo_x_rounded_icon_256078.png 512w\" sizes=\"(max-width: 55px) 100vw, 55px\" \/><\/a><\/p>\n","protected":false},"excerpt":{"rendered":"<p>&nbsp; Enlace: INFORSE.ORG\/AFRICA INFORSE \u00c1frica es una de las 7 regiones de la Red Internacional para la Energ\u00eda Sostenible (INFORSE). Esta red mundial de ONG se form\u00f3 en el Foro Global de R\u00edo en 1992. INFORSE tiene m\u00e1s de 140 organizaciones miembros en todo el mundo. INFORSE trabaja para la implementaci\u00f3n de soluciones energ\u00e9ticas sostenibles &hellip; <\/p>\n<p class=\"link-more\"><a href=\"https:\/\/inforse.org\/latinamerica\/es\/inforse-africa-es\/\" class=\"more-link\">Continue reading<span class=\"screen-reader-text\"> &#8220;INFORSE Africa&#8221;<\/span><\/a><\/p>\n","protected":false},"author":4,"featured_media":0,"parent":0,"menu_order":0,"comment_status":"closed","ping_status":"closed","template":"","meta":{"footnotes":""},"_links":{"self":[{"href":"https:\/\/inforse.org\/latinamerica\/wp-json\/wp\/v2\/pages\/200"}],"collection":[{"href":"https:\/\/inforse.org\/latinamerica\/wp-json\/wp\/v2\/pages"}],"about":[{"href":"https:\/\/inforse.org\/latinamerica\/wp-json\/wp\/v2\/types\/page"}],"author":[{"embeddable":true,"href":"https:\/\/inforse.org\/latinamerica\/wp-json\/wp\/v2\/users\/4"}],"replies":[{"embeddable":true,"href":"https:\/\/inforse.org\/latinamerica\/wp-json\/wp\/v2\/comments?post=200"}],"version-history":[{"count":22,"href":"https:\/\/inforse.org\/latinamerica\/wp-json\/wp\/v2\/pages\/200\/revisions"}],"predecessor-version":[{"id":1214,"href":"https:\/\/inforse.org\/latinamerica\/wp-json\/wp\/v2\/pages\/200\/revisions\/1214"}],"wp:attachment":[{"href":"https:\/\/inforse.org\/latinamerica\/wp-json\/wp\/v2\/media?parent=200"}],"curies":[{"name":"wp","href":"https:\/\/api.w.org\/{rel}","templated":true}]}}