{"id":185,"date":"2022-12-11T06:56:41","date_gmt":"2022-12-11T09:56:41","guid":{"rendered":"https:\/\/inforse.org\/latinamerica\/?page_id=185"},"modified":"2024-04-15T10:58:31","modified_gmt":"2024-04-15T13:58:31","slug":"publicaciones-y-posiciones","status":"publish","type":"page","link":"https:\/\/inforse.org\/latinamerica\/es\/publicaciones-y-posiciones\/","title":{"rendered":"Publicaciones y Posiciones"},"content":{"rendered":"<p><strong>Informe de Soluciones y Politicas Locales de Energ\u00eda Sostenible<\/strong><\/p>\n<p>El pasado <em>30 de agosto del 2023<\/em> se public\u00f3 un informe, resultado de m\u00e1s de un a\u00f1o de trabajo de los coordinadores de INFORSE internacional, para identificar las soluciones locales sostenibles m\u00e1s importantes para el acceso a la energ\u00eda y la acci\u00f3n clim\u00e1tica. Las principales soluciones son:<\/p>\n<p>&#8211; Estufas\/ hornallas mas eficientes para le\u00f1a y carb\u00f3n<br \/>\n&#8211; Estufas\/hornallas mejoradas de alta eficiencia para le\u00f1a<br \/>\n&#8211; Ollas a presi\u00f3n el\u00e9ctricas de alta eficiencia<br \/>\n&#8211; Fabricaci\u00f3n eficiente de carb\u00f3n<br \/>\n&#8211; Briquetas de biomasa\/residuos agr\u00edcolas y polvo de carb\u00f3n vegetal<br \/>\n&#8211; Biog\u00e1s a escala dom\u00e9stica<br \/>\n&#8211; Sistemas solares dom\u00e9sticos<br \/>\n&#8211; Minirredes<br \/>\n&#8211; Uso eficiente de la luz y la electricidad.<br \/>\n&#8211; Veh\u00edculos el\u00e9ctricos de dos ruedas (bicicletas, scooters)<br \/>\n&#8211; Veh\u00edculos el\u00e9ctricos de tres ruedas\/transporte local.<br \/>\n&#8211; Secadores solares<\/p>\n<p>Ver m\u00e1s en <a href=\"https:\/\/inforse.org\/publications.php3\">https:\/\/inforse.org\/publications.php3<\/a><\/p>\n","protected":false},"excerpt":{"rendered":"<p>Informe de Soluciones y Politicas Locales de Energ\u00eda Sostenible El pasado 30 de agosto del 2023 se public\u00f3 un informe, resultado de m\u00e1s de un a\u00f1o de trabajo de los coordinadores de INFORSE internacional, para identificar las soluciones locales sostenibles m\u00e1s importantes para el acceso a la energ\u00eda y la acci\u00f3n clim\u00e1tica. Las principales soluciones &hellip; <\/p>\n<p class=\"link-more\"><a href=\"https:\/\/inforse.org\/latinamerica\/es\/publicaciones-y-posiciones\/\" class=\"more-link\">Continue reading<span class=\"screen-reader-text\"> &#8220;Publicaciones y Posiciones&#8221;<\/span><\/a><\/p>\n","protected":false},"author":4,"featured_media":0,"parent":0,"menu_order":0,"comment_status":"closed","ping_status":"closed","template":"","meta":{"footnotes":""},"_links":{"self":[{"href":"https:\/\/inforse.org\/latinamerica\/wp-json\/wp\/v2\/pages\/185"}],"collection":[{"href":"https:\/\/inforse.org\/latinamerica\/wp-json\/wp\/v2\/pages"}],"about":[{"href":"https:\/\/inforse.org\/latinamerica\/wp-json\/wp\/v2\/types\/page"}],"author":[{"embeddable":true,"href":"https:\/\/inforse.org\/latinamerica\/wp-json\/wp\/v2\/users\/4"}],"replies":[{"embeddable":true,"href":"https:\/\/inforse.org\/latinamerica\/wp-json\/wp\/v2\/comments?post=185"}],"version-history":[{"count":6,"href":"https:\/\/inforse.org\/latinamerica\/wp-json\/wp\/v2\/pages\/185\/revisions"}],"predecessor-version":[{"id":1255,"href":"https:\/\/inforse.org\/latinamerica\/wp-json\/wp\/v2\/pages\/185\/revisions\/1255"}],"wp:attachment":[{"href":"https:\/\/inforse.org\/latinamerica\/wp-json\/wp\/v2\/media?parent=185"}],"curies":[{"name":"wp","href":"https:\/\/api.w.org\/{rel}","templated":true}]}}