{"id":183,"date":"2022-12-11T06:55:43","date_gmt":"2022-12-11T09:55:43","guid":{"rendered":"https:\/\/inforse.org\/latinamerica\/?page_id=183"},"modified":"2024-04-15T10:45:04","modified_gmt":"2024-04-15T13:45:04","slug":"eventos","status":"publish","type":"page","link":"https:\/\/inforse.org\/latinamerica\/es\/eventos\/","title":{"rendered":"Eventos"},"content":{"rendered":"<p><strong>Los \u00faltimos eventos organizados por INFORSE del a\u00f1o pasado:<\/strong><\/p>\n<ul>\n<li>Seminario web: Desarrollo de ecoaldeas en el sur de Asia &#8211; Nuestros resultados &#8211; 18 de diciembre de 2023\n<ul>\n<li>Organizadores: INSEDA, India; Grameen Shakti, Bangladesh; CRT, Nepal; IDEA, Sri Lanka; INFORMAR; CANSA; DIB, Dinamarca<\/li>\n<li>Participantes invitados: miembros y partes interesadas de CANSA e INFORSE de Bangladesh, India, Nepal y Sri Lanka y Nepal.<\/li>\n<li>Lea el programa, el enlace de registro y los procedimientos posteriormente en: <a href=\"https:\/\/www.inforse.org\/Webinar_EVD_Results_SouthAsia_18122023.php\">www.inforse.org\/We&#8230;hAsia_18122023.php<\/a><\/li>\n<\/ul>\n<\/li>\n<\/ul>\n<ul>\n<li>Evento: Evento paralelo INFORSE COP28 de la CMNUCC: Soluciones locales, 100RE &#8211; 8 de diciembre de 2023\n<ul>\n<li>Mostrando el desarrollo comunitario y de ecoaldeas: transici\u00f3n a 100% energ\u00edas renovables, mitigaci\u00f3n clim\u00e1tica, adaptaci\u00f3n y resiliencia con beneficios sociales colaterales, generaci\u00f3n de ingresos, seguridad alimentaria, medios de vida, g\u00e9nero. Cat\u00e1logos en l\u00ednea. Ejemplos Planificaci\u00f3n y capacitaci\u00f3n participativas en \u00c1frica, el sur de Asia y en todo el mundo.<\/li>\n<li>Organizadores: Red Mundial de Ecoaldeas (GEN), INSEDA (INFORSE-Asia del Sur), Nordic Folkecenter for Renewable Energy, SusWatch Kenya.<br \/>\nLea el programa, el enlace de registro y las actas posteriormente en: <a href=\"https:\/\/www.inforse.org\/cop28.php\">www.inforse.org\/cop28.php<\/a><\/li>\n<\/ul>\n<\/li>\n<\/ul>\n<ul>\n<li>Proyecto: Proyecto de cooperaci\u00f3n global INFORSE Sinergias entre continentes 2022-23\n<ul>\n<li>Los coordinadores de INFORSE organizan una serie de seminarios web y material de capacitaci\u00f3n sobre soluciones energ\u00e9ticas locales y sostenibles que son importantes para la transici\u00f3n a la energ\u00eda sostenible, as\u00ed como para el desarrollo y la reducci\u00f3n de la pobreza.<\/li>\n<li>Regiones INFORSE involucradas: \u00c1frica Oriental, \u00c1frica Occidental, Asia Meridional, Am\u00e9rica Latina<\/li>\n<li>Lea el programa y las actas posteriormente en: <a href=\"https:\/\/www.inforse.org\/synergies.php\">https:\/\/www.inforse.org\/synergies.php<\/a><\/li>\n<\/ul>\n<\/li>\n<\/ul>\n<ul>\n<li>Proyecto: EASE-CA Sociedad Civil de \u00c1frica Oriental para la Energ\u00eda Sostenible y la Acci\u00f3n Clim\u00e1tica 2019-23\n<ul>\n<li>El objetivo general de desarrollo del Proyecto es aumentar el acceso a la energ\u00eda sostenible y otras soluciones clim\u00e1ticas para las comunidades locales en Uganda, Kenia y Tanzania con la participaci\u00f3n y el liderazgo plenos y efectivos de mujeres y hombres para mejorar los medios de vida y reducir la pobreza. Esto se lograr\u00e1 combinando las actividades de las Organizaciones de la Sociedad Civil (OSC) a nivel local, nacional e internacional de manera que se refuercen mutuamente. El proyecto trabaja principalmente hacia el Objetivo de Desarrollo Sostenible (ODS) 1 (pobreza), ODS 5 (g\u00e9nero), ODS 7 (energ\u00eda limpia), ODS 13 (acci\u00f3n por el clima) y ODS 17 (asociaciones).<\/li>\n<li>Enlace: <a href=\"https:\/\/www.inforse.org\/africa\/EASE.htm\">https:\/\/www.inforse.org\/africa\/EASE.htm<\/a><\/li>\n<\/ul>\n<\/li>\n<\/ul>\n","protected":false},"excerpt":{"rendered":"<p>Los \u00faltimos eventos organizados por INFORSE del a\u00f1o pasado: Seminario web: Desarrollo de ecoaldeas en el sur de Asia &#8211; Nuestros resultados &#8211; 18 de diciembre de 2023 Organizadores: INSEDA, India; Grameen Shakti, Bangladesh; CRT, Nepal; IDEA, Sri Lanka; INFORMAR; CANSA; DIB, Dinamarca Participantes invitados: miembros y partes interesadas de CANSA e INFORSE de Bangladesh, &hellip; <\/p>\n<p class=\"link-more\"><a href=\"https:\/\/inforse.org\/latinamerica\/es\/eventos\/\" class=\"more-link\">Continue reading<span class=\"screen-reader-text\"> &#8220;Eventos&#8221;<\/span><\/a><\/p>\n","protected":false},"author":4,"featured_media":0,"parent":0,"menu_order":0,"comment_status":"closed","ping_status":"closed","template":"","meta":{"footnotes":""},"_links":{"self":[{"href":"https:\/\/inforse.org\/latinamerica\/wp-json\/wp\/v2\/pages\/183"}],"collection":[{"href":"https:\/\/inforse.org\/latinamerica\/wp-json\/wp\/v2\/pages"}],"about":[{"href":"https:\/\/inforse.org\/latinamerica\/wp-json\/wp\/v2\/types\/page"}],"author":[{"embeddable":true,"href":"https:\/\/inforse.org\/latinamerica\/wp-json\/wp\/v2\/users\/4"}],"replies":[{"embeddable":true,"href":"https:\/\/inforse.org\/latinamerica\/wp-json\/wp\/v2\/comments?post=183"}],"version-history":[{"count":5,"href":"https:\/\/inforse.org\/latinamerica\/wp-json\/wp\/v2\/pages\/183\/revisions"}],"predecessor-version":[{"id":1249,"href":"https:\/\/inforse.org\/latinamerica\/wp-json\/wp\/v2\/pages\/183\/revisions\/1249"}],"wp:attachment":[{"href":"https:\/\/inforse.org\/latinamerica\/wp-json\/wp\/v2\/media?parent=183"}],"curies":[{"name":"wp","href":"https:\/\/api.w.org\/{rel}","templated":true}]}}