{"id":181,"date":"2022-12-11T06:54:50","date_gmt":"2022-12-11T09:54:50","guid":{"rendered":"https:\/\/inforse.org\/latinamerica\/?page_id=181"},"modified":"2024-02-09T12:57:28","modified_gmt":"2024-02-09T15:57:28","slug":"scenarios-energetica","status":"publish","type":"page","link":"https:\/\/inforse.org\/latinamerica\/es\/scenarios-energetica\/","title":{"rendered":"Escenarios Energeticos"},"content":{"rendered":"<p><strong>Escenarios energ\u00e9ticos en Argentina<\/strong><\/p>\n<p>Plan Nacional de Energ\u00eda del Ministerio de Econom\u00eda de Argentina.<br \/>\nResoluci\u00f3n 517\/2023:\u00a0 <a href=\"https:\/\/www.argentina.gob.ar\/normativa\/nacional\/resoluci%C3%B3n-517-2023-386321\/texto\">www.argentina.gob.ar\/normativa\/nacional\/resoluci%C3%B3n-517-2023-386321\/texto<\/a><br \/>\nPlan Nacional de Transici\u00f3n Energ\u00e9tica al 2030 en miras al compromiso de carbono neutralidad (2023): <a href=\"https:\/\/www.energiaestrategica.com\/wp-content\/uploads\/2023\/07\/Plan-Transicion-Energetica-ARG-2030.pdf\">www.energiaestrategica.com\/wp-content\/uploads\/2023\/07\/Plan-Transicion-Energetica-ARG-2030.pdf<\/a><\/p>\n<p>Escenarios Energ\u00e9ticos 2030, Secretar\u00eda de Energ\u00eda (2019)<br \/>\n<a href=\"http:\/\/www.energia.gob.ar\/contenidos\/archivos\/Reorganizacion\/planeamiento\/2019-11-14_SsPE-SGE_Documento_Escenarios_Energeticos_2030_ed2019_pub.pdf\">www.energia.gob.ar\/contenidos\/archivos\/Reorganizacion\/planeamiento\/2019-11-14_SsPE-SGE_Documento_Escenarios_Energeticos_2030_ed2019_pub.pdf<\/a><\/p>\n<p>Argentina Profile, Latin America Energy Outlook Special Report (2023): <a href=\"https:\/\/iea.blob.core.windows.net\/assets\/1fe309e7-95f1-48a8-b32f-4bea94de4fbe\/Argentinaenergyprofile_EN.pdf\">https:\/\/iea.blob.core.windows.net\/assets\/1fe309e7-95f1-48a8-b32f-4bea94de4fbe\/Argentinaenergyprofile_EN.pdf<\/a><\/p>\n<p>Escenarios energ\u00e9ticos de Argentina 2040 de la Agencia Internacional de Energ\u00eda (AIE): https:\/\/www.iea.org\/reports\/energy-policies-of-iea-countries-argentina-2020-review\/escenarios-energeticos-de-argentina-2040<\/p>\n<p>Escenarios energ\u00e9ticos de Argentina 2030 de la Fundaci\u00f3n para el Desarrollo El\u00e9ctrico (FUNDELEC): www.fundelec.org.ar\/escenarios-energeticos-de-argentina-2030\/<\/p>\n<p>&#8220;Estrategia Nacional de Cambio Clim\u00e1tico de Argentina&#8221; (Ministerio de Ambiente y Desarrollo Sustentable de la Naci\u00f3n): https:\/\/www.argentina.gob.ar\/sites\/default\/files\/estrategia_nacional_de_cambio_climatico.pdf<\/p>\n<p>&#8220;La transici\u00f3n energ\u00e9tica en Argentina: desaf\u00edos y oportunidades&#8221; (Fundaci\u00f3n Ambiente y Recursos Naturales): https:\/\/farn.org.ar\/wp-content\/uploads\/2019\/03\/La-Transicion-Energetica-en-Argentina.-Desafios-y-Oportunidades.pdf<\/p>\n<p>&#8220;Proyectos de energ\u00edas renovables en Argentina: perspectivas y desaf\u00edos&#8221; (Universidad de Buenos Aires): https:\/\/revistas.unc.edu.ar\/index.php\/REP\/article\/view\/27287<\/p>\n<p>&#8220;La adaptaci\u00f3n al cambio clim\u00e1tico en la agricultura de la regi\u00f3n pampeana de Argentina&#8221; (Instituto Nacional de Tecnolog\u00eda Agropecuaria): https:\/\/inta.gob.ar\/sites\/default\/files\/script-tmp-la-adaptacion-al-cambio-climatico-en-la-agricultura-de-la-region-pampeana-de-argentina-2020.pdf<\/p>\n<p>&#8220;Evaluaci\u00f3n de la vulnerabilidad al cambio clim\u00e1tico en \u00e1reas urbanas de Argentina&#8221; (Universidad Nacional de San Mart\u00edn): https:\/\/www.sciencedirect.com\/science\/article\/pii\/S2212096321000222<\/p>\n<p><strong>America Latina y el Caribe <\/strong><\/p>\n<p>Latin America Energy Outlook, IEA (2023): <a href=\"https:\/\/www.iea.org\/reports\/latin-america-energy-outlook-2023\">www.iea.org\/reports\/latin-america-energy-outlook-2023<\/a>\u00a0 Comunicado de prensa en espa\u00f1ol:\u00a0 <a href=\"https:\/\/iea.blob.core.windows.net\/assets\/049886f0-b65c-430d-94fa-6dd45c30e24f\/PressRelease-LatinAmericaEnergyOutlook-Spanish.pdf\">iea.blob.core.windows.net\/assets\/049886f0-b65c-430d-94fa-6dd45c30e24f\/PressRelease-LatinAmericaEnergyOutlook-Spanish.pdf <\/a><br \/>\n&#8211; Informe en ingles: <a href=\"https:\/\/iea.blob.core.windows.net\/assets\/1055131a-8dc4-488b-9e9e-7eb4f72bf7ad\/LatinAmericaEnergyOutlook.pdf\">https:\/\/iea.blob.core.windows.net\/assets\/1055131a-8dc4-488b-9e9e-7eb4f72bf7ad\/LatinAmericaEnergyOutlook.pdf<\/a><br \/>\n&#8211; Informe en portugu\u00e9s: <a href=\"https:\/\/iea.blob.core.windows.net\/assets\/5168f7ac-b496-4744-9ab6-f97dcada3a24\/LatinAmericaEnergyOutlook_Portuguese.pdf\">iea.blob.core.windows.net\/assets\/5168f7ac-b496-4744-9ab6-f97dcada3a24\/LatinAmericaEnergyOutlook_Portuguese.pdf<\/a><\/p>\n<p>Escenarios para la transici\u00f3n energ\u00e9etica &#8211; Experiencia y buenas pr\u00e1cticas en Am\u00e9rica Latina y el Caribe, IRENA (2022):\u00a0 <a href=\"https:\/\/www.irena.org\/-\/media\/Files\/IRENA\/Agency\/Publication\/2022\/Jul\/IRENA_Long_term_scenarios_LAC_SP_2022.pdf\">www.irena.org\/-\/media\/Files\/IRENA\/Agency\/Publication\/2022\/Jul\/IRENA_Long_term_scenarios_LAC_SP_2022.pdf<\/a><\/p>\n<p>&#8220;Energ\u00eda en Am\u00e9rica Latina y el Caribe: una mirada al futuro&#8221; de la Comisi\u00f3n Econ\u00f3mica para Am\u00e9rica Latina y el Caribe (CEPAL): https:\/\/repositorio.cepal.org\/bitstream\/handle\/11362\/44060\/1\/S1900627_es.pdf<br \/>\nhttps:\/\/www.cepal.org\/es\/publicaciones\/38923-america-latina-caribe-mirada-al-futuro-objetivos-desarrollo-milenioinforme<\/p>\n<p>&#8220;Energ\u00eda 2050: una hoja de ruta hacia un futuro energ\u00e9tico sostenible en Am\u00e9rica Latina y el Caribe&#8221; del Banco Interamericano de Desarrollo (BID): https:\/\/publications.iadb.org\/publications\/spanish\/document\/Energia-2050-Una-hoja-de-ruta-hacia-un-futuro-energetico-sostenible-en-America-Latina-y-el-Caribe.pdf<\/p>\n<p>&#8220;Energ\u00eda y desarrollo sostenible en Am\u00e9rica Latina y el Caribe&#8221; de la Organizaci\u00f3n Latinoamericana de Energ\u00eda (OLADE): https:\/\/www.olade.org\/wp-content\/uploads\/2018\/10\/Energia_y_desarrollo_sostenible_en_ALyC.pdf<\/p>\n","protected":false},"excerpt":{"rendered":"<p>Escenarios energ\u00e9ticos en Argentina Plan Nacional de Energ\u00eda del Ministerio de Econom\u00eda de Argentina. Resoluci\u00f3n 517\/2023:\u00a0 www.argentina.gob.ar\/normativa\/nacional\/resoluci%C3%B3n-517-2023-386321\/texto Plan Nacional de Transici\u00f3n Energ\u00e9tica al 2030 en miras al compromiso de carbono neutralidad (2023): www.energiaestrategica.com\/wp-content\/uploads\/2023\/07\/Plan-Transicion-Energetica-ARG-2030.pdf Escenarios Energ\u00e9ticos 2030, Secretar\u00eda de Energ\u00eda (2019) www.energia.gob.ar\/contenidos\/archivos\/Reorganizacion\/planeamiento\/2019-11-14_SsPE-SGE_Documento_Escenarios_Energeticos_2030_ed2019_pub.pdf Argentina Profile, Latin America Energy Outlook Special Report (2023): https:\/\/iea.blob.core.windows.net\/assets\/1fe309e7-95f1-48a8-b32f-4bea94de4fbe\/Argentinaenergyprofile_EN.pdf Escenarios energ\u00e9ticos de Argentina &hellip; <\/p>\n<p class=\"link-more\"><a href=\"https:\/\/inforse.org\/latinamerica\/es\/scenarios-energetica\/\" class=\"more-link\">Continue reading<span class=\"screen-reader-text\"> &#8220;Escenarios Energeticos&#8221;<\/span><\/a><\/p>\n","protected":false},"author":4,"featured_media":0,"parent":0,"menu_order":0,"comment_status":"closed","ping_status":"closed","template":"","meta":{"footnotes":""},"_links":{"self":[{"href":"https:\/\/inforse.org\/latinamerica\/wp-json\/wp\/v2\/pages\/181"}],"collection":[{"href":"https:\/\/inforse.org\/latinamerica\/wp-json\/wp\/v2\/pages"}],"about":[{"href":"https:\/\/inforse.org\/latinamerica\/wp-json\/wp\/v2\/types\/page"}],"author":[{"embeddable":true,"href":"https:\/\/inforse.org\/latinamerica\/wp-json\/wp\/v2\/users\/4"}],"replies":[{"embeddable":true,"href":"https:\/\/inforse.org\/latinamerica\/wp-json\/wp\/v2\/comments?post=181"}],"version-history":[{"count":12,"href":"https:\/\/inforse.org\/latinamerica\/wp-json\/wp\/v2\/pages\/181\/revisions"}],"predecessor-version":[{"id":683,"href":"https:\/\/inforse.org\/latinamerica\/wp-json\/wp\/v2\/pages\/181\/revisions\/683"}],"wp:attachment":[{"href":"https:\/\/inforse.org\/latinamerica\/wp-json\/wp\/v2\/media?parent=181"}],"curies":[{"name":"wp","href":"https:\/\/api.w.org\/{rel}","templated":true}]}}