{"id":179,"date":"2022-12-11T06:51:27","date_gmt":"2022-12-11T09:51:27","guid":{"rendered":"https:\/\/inforse.org\/latinamerica\/?page_id=179"},"modified":"2024-02-10T09:34:12","modified_gmt":"2024-02-10T12:34:12","slug":"negociaciones-climaticas-onu","status":"publish","type":"page","link":"https:\/\/inforse.org\/latinamerica\/es\/negociaciones-climaticas-onu\/","title":{"rendered":"Negociaciones Clim\u00e1ticas ONU"},"content":{"rendered":"<p>INFORSE participa activamente en la concientizaci\u00f3n internacional, siguiendo e influyendo en los temas de energ\u00eda sostenible en las negociaciones internacionales.<\/p>\n<p>INFORSE est\u00e1 acreditado ante el Consejo Econ\u00f3mico y Social de las Naciones Unidas (ECOSOC) y ante la Convenci\u00f3n Marco de las Naciones Unidas sobre el Cambio Clim\u00e1tico (UNFCCC) con Estatus Consultivo.<\/p>\n<p>Ha participado con delegaciones, exposiciones y eventos paralelos en 16 de las Conferencias de las Partes.<\/p>\n","protected":false},"excerpt":{"rendered":"<p>INFORSE participa activamente en la concientizaci\u00f3n internacional, siguiendo e influyendo en los temas de energ\u00eda sostenible en las negociaciones internacionales. INFORSE est\u00e1 acreditado ante el Consejo Econ\u00f3mico y Social de las Naciones Unidas (ECOSOC) y ante la Convenci\u00f3n Marco de las Naciones Unidas sobre el Cambio Clim\u00e1tico (UNFCCC) con Estatus Consultivo. Ha participado con delegaciones, &hellip; <\/p>\n<p class=\"link-more\"><a href=\"https:\/\/inforse.org\/latinamerica\/es\/negociaciones-climaticas-onu\/\" class=\"more-link\">Continue reading<span class=\"screen-reader-text\"> &#8220;Negociaciones Clim\u00e1ticas ONU&#8221;<\/span><\/a><\/p>\n","protected":false},"author":4,"featured_media":0,"parent":0,"menu_order":0,"comment_status":"closed","ping_status":"closed","template":"","meta":{"footnotes":""},"_links":{"self":[{"href":"https:\/\/inforse.org\/latinamerica\/wp-json\/wp\/v2\/pages\/179"}],"collection":[{"href":"https:\/\/inforse.org\/latinamerica\/wp-json\/wp\/v2\/pages"}],"about":[{"href":"https:\/\/inforse.org\/latinamerica\/wp-json\/wp\/v2\/types\/page"}],"author":[{"embeddable":true,"href":"https:\/\/inforse.org\/latinamerica\/wp-json\/wp\/v2\/users\/4"}],"replies":[{"embeddable":true,"href":"https:\/\/inforse.org\/latinamerica\/wp-json\/wp\/v2\/comments?post=179"}],"version-history":[{"count":3,"href":"https:\/\/inforse.org\/latinamerica\/wp-json\/wp\/v2\/pages\/179\/revisions"}],"predecessor-version":[{"id":290,"href":"https:\/\/inforse.org\/latinamerica\/wp-json\/wp\/v2\/pages\/179\/revisions\/290"}],"wp:attachment":[{"href":"https:\/\/inforse.org\/latinamerica\/wp-json\/wp\/v2\/media?parent=179"}],"curies":[{"name":"wp","href":"https:\/\/api.w.org\/{rel}","templated":true}]}}