{"id":177,"date":"2022-12-11T06:49:03","date_gmt":"2022-12-11T09:49:03","guid":{"rendered":"https:\/\/inforse.org\/latinamerica\/?page_id=177"},"modified":"2024-03-15T10:23:06","modified_gmt":"2024-03-15T13:23:06","slug":"soluciones-climaticas-locales","status":"publish","type":"page","link":"https:\/\/inforse.org\/latinamerica\/en\/soluciones-climaticas-locales\/","title":{"rendered":"Soluciones Climaticas Locales"},"content":{"rendered":"<p><strong>\u00bfPorque considerar a las soluciones locales dentro de la transicion energ\u00e9tica y la lucha contra el cambio clim\u00e1tico?<\/strong><\/p>\n<p><strong>Las soluciones clim\u00e1ticas locales en la COP 21- Par\u00eds<\/strong><br \/>\nGunnar Boye Olesen, coordinador, INFORSE-Europa<br \/>\nRaymond M. Myles, coordinador, INFORSE-Asia del Sur<\/p>\n<p>Los l\u00edderes mundiales reunidos en Par\u00eds en la COP21 tienen una oportunidad \u00fanica para comprometerse significativamente a limitar calentamiento a 1,5 &#8211; 2&#8217;C. Los cambios reales, sin embargo, no ocurrir\u00e1n en Par\u00eds, sino en todo el mundo, como la reducci\u00f3n de nuestras emisiones de gases de efecto invernadero.<br \/>\nDebemos encontrar una manera de reducir nuestras emisiones a un punto que puede limitar el cambio clim\u00e1tico a niveles sostenibles y de supervivencia. Al hacerlo, tambi\u00e9n nos liberamos del sistema de combustibles f\u00f3siles, mediante el cual se agotan los limitados recursos subterr\u00e1neos y contaminamos el aire que respiramos mientras destruimos los sistemas naturales que mantienen las temperaturas y sustentan la vida en la tierra.<br \/>\nAfortunadamente, cuando se combina con la conservaci\u00f3n de energ\u00eda, la energ\u00eda renovable puede satisfacer nuestras necesidades en forma limpia y asequibles.<br \/>\nHemos mostrado c\u00f3mo esto puede ser llevado a cabo con una serie de ejemplos desde la red de INFORSE, y no somos los \u00fanicos que se\u00f1alamos el camino.<br \/>\nLas ONG de \u00c1frica y del sur de Asia est\u00e1 promoviendo elementos clave del desarrollo bajo en carbono, eligiendo energ\u00edas renovables y eficientes que son m\u00e1s adecuadas para el desarrollo de sus pa\u00edses y regiones. Nosotros tambi\u00e9n mostramos c\u00f3mo se pueden utilizar los desarrollos locales de eco-aldeas en el sur de Asia, combinando una serie de soluciones para proporcionar tanto energ\u00eda como oportunidades de ingresos para reducir<br \/>\npobreza. A estas propuestas impulsadas por el desarrollo para \u00c1frica y el sur de Asia deben agregarse transiciones r\u00e1pidas a las energ\u00edas renovables de los pa\u00edses generadores de grandes emisiones en el norte. Presentamos propuestas precisamente con ese objetivo para el Reino Unido, Dinamarca y otros pa\u00edses, propuestas que podr\u00edan convertir estas econom\u00edas con alta emisiones de carbono en econom\u00edas de bajas o de cero emisiones.<br \/>\nSi bien las decisiones tomadas en la COP21 en Par\u00eds afectar\u00e1n los marcos de acci\u00f3n con financiamiento, expectativas pol\u00edticas, etc., los cambios reales ocurrieron y ocurrir\u00e1n en los territorios. Para hacer las diferencias que necesarias para mantener un clima habitable, reducir la pobreza, etc., el acuerdo de Par\u00eds deben ir seguido de acuerdos ambiciosos y de una implementaci\u00f3n nacional efectiva de la pol\u00edtica de bajas emisiones de carbono, como parte de una agenda de energ\u00edas renovables.<br \/>\nLas acciones locales siguiendo las pol\u00edticas nacionales deben ser incluso m\u00e1s ambiciosa que las pol\u00edticas nacionales. Ellas deben marcar el camino. Ah\u00ed radica la esperanza de que podamos estabilizar el clima y lograr una energ\u00eda sostenible para todos dentro de nuestra vida.<\/p>\n<p>Fuente y m\u00e1s informaci\u00f3n:<br \/>\n<a href=\"https:\/\/www.inforse.org\/doc\/SEN77.pdf\">https:\/\/www.inforse.org\/doc\/SEN77.pdf<\/a><\/p>\n","protected":false},"excerpt":{"rendered":"<p>\u00bfPorque considerar a las soluciones locales dentro de la transicion energ\u00e9tica y la lucha contra el cambio clim\u00e1tico? Las soluciones clim\u00e1ticas locales en la COP 21- Par\u00eds Gunnar Boye Olesen, coordinador, INFORSE-Europa Raymond M. Myles, coordinador, INFORSE-Asia del Sur Los l\u00edderes mundiales reunidos en Par\u00eds en la COP21 tienen una oportunidad \u00fanica para comprometerse significativamente &hellip; <\/p>\n<p class=\"link-more\"><a href=\"https:\/\/inforse.org\/latinamerica\/en\/soluciones-climaticas-locales\/\" class=\"more-link\">Continue reading<span class=\"screen-reader-text\"> &#8220;Soluciones Climaticas Locales&#8221;<\/span><\/a><\/p>\n","protected":false},"author":4,"featured_media":1065,"parent":0,"menu_order":0,"comment_status":"closed","ping_status":"closed","template":"","meta":{"footnotes":""},"_links":{"self":[{"href":"https:\/\/inforse.org\/latinamerica\/wp-json\/wp\/v2\/pages\/177"}],"collection":[{"href":"https:\/\/inforse.org\/latinamerica\/wp-json\/wp\/v2\/pages"}],"about":[{"href":"https:\/\/inforse.org\/latinamerica\/wp-json\/wp\/v2\/types\/page"}],"author":[{"embeddable":true,"href":"https:\/\/inforse.org\/latinamerica\/wp-json\/wp\/v2\/users\/4"}],"replies":[{"embeddable":true,"href":"https:\/\/inforse.org\/latinamerica\/wp-json\/wp\/v2\/comments?post=177"}],"version-history":[{"count":5,"href":"https:\/\/inforse.org\/latinamerica\/wp-json\/wp\/v2\/pages\/177\/revisions"}],"predecessor-version":[{"id":352,"href":"https:\/\/inforse.org\/latinamerica\/wp-json\/wp\/v2\/pages\/177\/revisions\/352"}],"wp:featuredmedia":[{"embeddable":true,"href":"https:\/\/inforse.org\/latinamerica\/wp-json\/wp\/v2\/media\/1065"}],"wp:attachment":[{"href":"https:\/\/inforse.org\/latinamerica\/wp-json\/wp\/v2\/media?parent=177"}],"curies":[{"name":"wp","href":"https:\/\/api.w.org\/{rel}","templated":true}]}}