{"id":173,"date":"2022-12-11T06:47:25","date_gmt":"2022-12-11T09:47:25","guid":{"rendered":"https:\/\/inforse.org\/latinamerica\/?page_id=173"},"modified":"2024-03-19T12:22:41","modified_gmt":"2024-03-19T15:22:41","slug":"red-inforse","status":"publish","type":"page","link":"https:\/\/inforse.org\/latinamerica\/es\/red-inforse\/","title":{"rendered":"Red INFORSE"},"content":{"rendered":"<p>INFORSE es una red global de ONG que se form\u00f3 en el Foro Global de R\u00edo en 1992. INFORSE tiene m\u00e1s de 140 organizaciones miembros en todo el mundo.<\/p>\n<p>INFORSE trabaja para la implementaci\u00f3n de soluciones energ\u00e9ticas sostenibles a trav\u00e9s de proyectos de cooperaci\u00f3n, intercambio de informaci\u00f3n, desarrollo de material educativo, sensibilizaci\u00f3n, formulaci\u00f3n e implementaci\u00f3n de estrategias y lobby en foros internacionales. La red es un lugar de encuentro para las ONG que trabajan a nivel de base, as\u00ed como a nivel nacional, regional e internacional. Todas las organizaciones miembros est\u00e1n unidas en una estrategia com\u00fan para el desarrollo sostenible a largo plazo que elimine gradualmente el uso de energ\u00eda nuclear y f\u00f3sil. INFORSE impulsa la promoci\u00f3n de soluciones energ\u00e9ticas sostenibles (energ\u00eda renovable y eficiencia energ\u00e9tica) que utilizan enfoques descentralizados. Todas las actividades buscan proteger el medio ambiente y lograr el desarrollo reduciendo la pobreza.<\/p>\n<p>INFORSE tiene una base de datos en l\u00ednea de m\u00e1s de 1000 contactos organizacionales y 140 miembros, que est\u00e1 disponible en los sitios web globales y regionales.<\/p>\n<p>Lea m\u00e1s sobre las actividades en los sitios web de las redes globales y regionales de INFORSE:<br \/>\nINFORSE GLOBAL <a href=\"https:\/\/www.inforse.org\/\">www.inforse.org<\/a><br \/>\nINFORSE LATIN AMERICA <a href=\"http:\/\/www.inforse.org\/latinamerica\/es\">www.inforse.org\/latinamerica\/es<\/a><br \/>\nINFORSE AFRICA <a href=\"http:\/\/www.inforse.org\/africa\">www.inforse.org\/africa<\/a><br \/>\nINFORSE ASIA <a href=\"http:\/\/www.inforse.org\/asia\">www.inforse.org\/asia<\/a><\/p>\n","protected":false},"excerpt":{"rendered":"<p>INFORSE es una red global de ONG que se form\u00f3 en el Foro Global de R\u00edo en 1992. INFORSE tiene m\u00e1s de 140 organizaciones miembros en todo el mundo. INFORSE trabaja para la implementaci\u00f3n de soluciones energ\u00e9ticas sostenibles a trav\u00e9s de proyectos de cooperaci\u00f3n, intercambio de informaci\u00f3n, desarrollo de material educativo, sensibilizaci\u00f3n, formulaci\u00f3n e implementaci\u00f3n &hellip; <\/p>\n<p class=\"link-more\"><a href=\"https:\/\/inforse.org\/latinamerica\/es\/red-inforse\/\" class=\"more-link\">Continue reading<span class=\"screen-reader-text\"> &#8220;Red INFORSE&#8221;<\/span><\/a><\/p>\n","protected":false},"author":4,"featured_media":0,"parent":0,"menu_order":0,"comment_status":"closed","ping_status":"closed","template":"","meta":{"footnotes":""},"_links":{"self":[{"href":"https:\/\/inforse.org\/latinamerica\/wp-json\/wp\/v2\/pages\/173"}],"collection":[{"href":"https:\/\/inforse.org\/latinamerica\/wp-json\/wp\/v2\/pages"}],"about":[{"href":"https:\/\/inforse.org\/latinamerica\/wp-json\/wp\/v2\/types\/page"}],"author":[{"embeddable":true,"href":"https:\/\/inforse.org\/latinamerica\/wp-json\/wp\/v2\/users\/4"}],"replies":[{"embeddable":true,"href":"https:\/\/inforse.org\/latinamerica\/wp-json\/wp\/v2\/comments?post=173"}],"version-history":[{"count":5,"href":"https:\/\/inforse.org\/latinamerica\/wp-json\/wp\/v2\/pages\/173\/revisions"}],"predecessor-version":[{"id":1223,"href":"https:\/\/inforse.org\/latinamerica\/wp-json\/wp\/v2\/pages\/173\/revisions\/1223"}],"wp:attachment":[{"href":"https:\/\/inforse.org\/latinamerica\/wp-json\/wp\/v2\/media?parent=173"}],"curies":[{"name":"wp","href":"https:\/\/api.w.org\/{rel}","templated":true}]}}